{"id":201,"date":"2010-10-17T14:03:48","date_gmt":"2010-10-17T14:03:48","guid":{"rendered":"http:\/\/mdk.gorlice.net.pl\/?page_id=201"},"modified":"2021-06-25T12:30:23","modified_gmt":"2021-06-25T12:30:23","slug":"pracownia-plastyczna","status":"publish","type":"page","link":"https:\/\/mdk.gorlice.net.pl\/?page_id=201","title":{"rendered":"Pracownia plastyczna"},"content":{"rendered":"<p><span style=\"color: #ff0000;\"><strong>Wojciech Haberek<\/strong><strong> <\/strong><\/span><br \/>\nUko\u0144czy\u0142 Edukacj\u0119 Artystyczn\u0105 na Akademii Pedagogicznej w Krakowie.<br \/>\nOd 2002 roku prowadzi dzia\u0142alno\u015b\u0107 studyjn\u0105 oraz projektow\u0105. Od 2007 roku<br \/>\npracuje w MDK-u jako instruktor plastyki .<\/p>\n<p><a href=\"..\/nowe\/wp-content\/uploads\/2010\/05\/IMG_1480.jpg\" rel=\"lightbox[201]\"><img loading=\"lazy\" title=\"IMG_1480\" src=\"..\/nowe\/wp-content\/uploads\/2010\/05\/IMG_1480-300x225.jpg\" alt=\"\" width=\"300\" height=\"225\" \/><\/a><\/p>\n<p>Dzia\u0142alno\u015b\u0107 programowa poszczeg\u00f3lnych grup ma na celu nie tylko  rozpoznawanie i rozwijanie indywidualnych uzdolnie\u0144 i predyspozycji  uczestnik\u00f3w, ale tak\u017ce zapoznanie z dost\u0119pnymi technikami z zakresu   sztuk wizualnych  takimi jak tradycyjne malarstwo<\/p>\n<p>olejne, druk wypuk\u0142y czy nowoczesna grafika komputerowa.<\/p>\n<p>Zagadnienia  tematyczne  realizowane  podczas  zaj\u0119\u0107  formu\u0142owane  s\u0105   cz\u0119sto  w odniesieniu do mi\u0119dzynarodowych lub og\u00f3lnopolskich konkurs\u00f3w  plastycznych co \u0142\u0105czy doskonale mo\u017cliwo\u015b\u0107 prezentacji obiekt\u00f3w z  mo\u017cliwo\u015bci\u0105 ich konfrontacji.<\/p>\n<p>Wykonywane w  czasie zaj\u0119\u0107 prace  malarskie, graficzne i  projektowe  eksponowane s\u0105 cz\u0119sto na specjalnie przygotowywanych wystawach  ukazuj\u0105cych spektrum dzia\u0142alno\u015bci<\/p>\n<p>grup, ich  specyfik\u0119,  podejmowane  zagadnienia formalne i r\u00f3\u017cnorodno\u015b\u0107   powstaj\u0105cej ikonografii.<\/p>\n<p>Opr\u00f3cz programowego funkcjonowania grup og\u00f3lno plastycznych  wyodr\u0119bniono specjalny, indywidualny tok pracy dla os\u00f3b wyra\u017caj\u0105cych  wol\u0119 kontynuowania nauki w<\/p>\n<p>szko\u0142ach \u015brednich oraz uczelniach wy\u017cszych o profilu artystycznym.<\/p>\n<p>Istnienie Ko\u0142a Plastycznego, jego edukacyjne cele oraz  dydaktyczno-wychowawcze aspekty s\u0105 przedmiotem sta\u0142ej konsultacji z  Dyrekcj\u0105 i pracownikami M\u0142odzie\u017cowego Domu Kultury w Gorlicach <\/p>\n<p><span style=\"color: #ff0000;\"><strong>Bart\u0142omiej Belniak<\/strong><\/span><\/p>\n<p>Absolwent Pomaturalnej Szko\u0142y Reklamy w Katowicach oraz Wydzia\u0142u  Artystycznego Wy\u017cszej Szko\u0142y Pedagogicznej w Cz\u0119stochowie w pracowni  grafiki warsztatowej prof. Ryszarda Osadczego. Poza dzia\u0142alno\u015bci\u0105  pedagogiczn\u0105, zajmuje si\u0119 projektowaniem graficznym, rysunkiem,  ilustracj\u0105, plakatem i pokrewnymi sztukami wizualnymi. W M\u0142odzie\u017cowym  Domu Kultury prowadzi zaj\u0119cia plastyczne dla dzieci oraz grafik\u0119  komputerow\u0105 dla dzieci i m\u0142odzie\u017cy.<\/p>\n<p><span style=\"color: #ff0000;\"><strong>Zaj\u0119cia plastyczne<\/strong><\/span>,  organizowane na cotygodniowych spotkaniach maj\u0105 na celu kszta\u0142cenie i  doskonalenie technik rysunkowych, malarskich i pokrewnych dziedzin  wyrazu plastycznego na poziomie podstawowym tzn. w\u015br\u00f3d dzieci  najm\u0142odszych klas szko\u0142y podstawowej.<\/p>\n<p><span style=\"color: #000000;\"><strong>Grafika komputerowa<\/strong><\/span>,  to nowy rodzaj zaj\u0119\u0107, wprowadzaj\u0105cy komputer z programami graficznymi  jako narz\u0119dzie i pomoc w \u015brodkach artystycznego wyrazu. Tworz\u0105c ten typ  tw\u00f3rczych spotka\u0144, wychodzimy naprzeciw rosn\u0105cej \u2013 w szczeg\u00f3lno\u015bci w\u015br\u00f3d  dzieci i m\u0142odzie\u017cy &#8211; popularno\u015bci komputerowych program\u00f3w graficznych i  tego typu aktywno\u015bci plastycznej.<\/p>\n","protected":false},"excerpt":{"rendered":"<p>Wojciech Haberek Uko\u0144czy\u0142 Edukacj\u0119 Artystyczn\u0105 na Akademii Pedagogicznej w Krakowie. Od 2002 roku prowadzi dzia\u0142alno\u015b\u0107 studyjn\u0105 oraz projektow\u0105. Od 2007 roku pracuje w MDK-u jako instruktor plastyki . Dzia\u0142alno\u015b\u0107 programowa poszczeg\u00f3lnych grup ma na celu nie tylko rozpoznawanie i rozwijanie indywidualnych uzdolnie\u0144 i predyspozycji uczestnik\u00f3w, ale tak\u017ce zapoznanie z dost\u0119pnymi technikami z zakresu sztuk wizualnych [&hellip;]<\/p>\n","protected":false},"author":2,"featured_media":0,"parent":18,"menu_order":1153,"comment_status":"closed","ping_status":"open","template":"","meta":{"ngg_post_thumbnail":0},"_links":{"self":[{"href":"https:\/\/mdk.gorlice.net.pl\/index.php?rest_route=\/wp\/v2\/pages\/201"}],"collection":[{"href":"https:\/\/mdk.gorlice.net.pl\/index.php?rest_route=\/wp\/v2\/pages"}],"about":[{"href":"https:\/\/mdk.gorlice.net.pl\/index.php?rest_route=\/wp\/v2\/types\/page"}],"author":[{"embeddable":true,"href":"https:\/\/mdk.gorlice.net.pl\/index.php?rest_route=\/wp\/v2\/users\/2"}],"replies":[{"embeddable":true,"href":"https:\/\/mdk.gorlice.net.pl\/index.php?rest_route=%2Fwp%2Fv2%2Fcomments&post=201"}],"version-history":[{"count":10,"href":"https:\/\/mdk.gorlice.net.pl\/index.php?rest_route=\/wp\/v2\/pages\/201\/revisions"}],"predecessor-version":[{"id":2941,"href":"https:\/\/mdk.gorlice.net.pl\/index.php?rest_route=\/wp\/v2\/pages\/201\/revisions\/2941"}],"up":[{"embeddable":true,"href":"https:\/\/mdk.gorlice.net.pl\/index.php?rest_route=\/wp\/v2\/pages\/18"}],"wp:attachment":[{"href":"https:\/\/mdk.gorlice.net.pl\/index.php?rest_route=%2Fwp%2Fv2%2Fmedia&parent=201"}],"curies":[{"name":"wp","href":"https:\/\/api.w.org\/{rel}","templated":true}]}}