{"id":203,"date":"2010-10-17T13:34:00","date_gmt":"2010-10-17T13:34:00","guid":{"rendered":"http:\/\/mdk.gorlice.net.pl\/?page_id=203"},"modified":"2021-06-25T12:34:13","modified_gmt":"2021-06-25T12:34:13","slug":"pracownia-muzgfgfd","status":"publish","type":"page","link":"https:\/\/mdk.gorlice.net.pl\/?page_id=203","title":{"rendered":"Pracownia muzyczna"},"content":{"rendered":"<h6><span style=\"color: #ff0000;\"><strong>Tomasz Kubala<\/strong><\/span><\/h6>\n<p>Uko\u0144czy\u0142<strong> <\/strong> studia magisterskie z pedagogiki opiek.-wych. Z fakultetem wychowanie  muzyczne, Kurs Kwalifikacyjny Sztuka Instruktor muzyki w MDK.  Gitarzysta, kompozytor, cz\u0142onek zespo\u0142u Ostatnia Wieczerza w Karczmie  Przeznaczonej do Rozbi\u00f3rki. Obecnie dyrektor MDK.<\/p>\n<h1><strong>Ko\u0142o gitarowe<\/strong><\/h1>\n<p>W M\u0142odzie\u017cowym Domu Kultury od pocz\u0105tku jego istnienia dzia\u0142aj\u0105 ko\u0142a  nauki gry na gitarze. Prekursorem tej formy dzia\u0142alno\u015bci by\u0142 Bogus\u0142aw  Diduch \u2013 gorlicki bard,  za\u0142o\u017cyciel legendarnego zespo\u0142u \u201eOstatnia  Wieczerza w Karczmie Przeznaczonej do Rozbi\u00f3rki\u201d. Obecnie dzia\u0142alno\u015b\u0107 t\u0105  kontynuuje obecny dyrektor MDK Tomasz Kubala.<\/p>\n<p><a href=\"..\/nowe\/wp-content\/uploads\/2010\/05\/IMG_5244.jpg\" rel=\"lightbox[203]\"><img loading=\"lazy\" title=\"IMG_5244\" src=\"..\/nowe\/wp-content\/uploads\/2010\/05\/IMG_5244-300x199.jpg\" alt=\"\" width=\"300\" height=\"199\" \/><\/a>G\u0142\u00f3wnym  celem dzia\u0142alno\u015bci tych k\u00f3\u0142 jest nauczanie gry na gitarze. Nauka opiera  si\u0119 na programach autorskich instruktor\u00f3w prowadz\u0105cych. Nauczamy gry  akompaniatorskiej, czyli opartej na akordach. Celem naszym jest nauka  grania piosenek (g\u0142\u00f3wnie polskich).<\/p>\n<p>Staramy si\u0119 wybiera\u0107 ambitny repertuar z nurtu tzw. piosenki  literackiej. Jednak nie stronimy od przeboj\u00f3w, kt\u00f3re wszyscy znaj\u0105 tj.  Autobiografia, Whisky czy wsp\u00f3\u0142czesne: Jak anio\u0142a g\u0142os, Sprzedawcy  marze\u0144.<\/p>\n<p>Uczestnicy zaj\u0119\u0107 wyst\u0119puj\u0105 na corocznym Koncercie Kol\u0119d i na  prezentacji na zako\u0144czenie roku szkolnego. Bardzo wielu naszych  wychowank\u00f3w bierze udzia\u0142 jako akompaniatorzy w uroczysto\u015bciach  szkolnych w swoich macierzystych szko\u0142ach. Ogromna ilo\u015b\u0107 dzieci i  m\u0142odzie\u017cy uczestnicz\u0105ca w zaj\u0119ciach \u015bwiadczy o bardzo du\u017cym  zainteresowaniu nasz\u0105 ofert\u0105.<\/p>\n<h1><strong>Zespo\u0142y muzyczne<\/strong><\/h1>\n<p>Jednym z element\u00f3w dzia\u0142alno\u015bci MDK jest prowadzenie zespo\u0142\u00f3w  muzycznych. Nauka w tych formach dzia\u0142alno\u015bci opiera si\u0119 na zgraniu  zespo\u0142u, grze akompaniatorskiej  i solowej.<\/p>\n<p>Zespo\u0142y tworz\u0105 sw\u00f3j w\u0142asny program oparty na kilkunastu utworach obcych wykonawc\u00f3w. Nie stronimy r\u00f3wnie\u017c od w\u0142asnej tw\u00f3rczo\u015bci.<\/p>\n<p>Przez  ostatnie 10 lat w MDK gra\u0142y zespo\u0142y o bardzo zr\u00f3\u017cnicowanych brzmieniach,  od zespo\u0142\u00f3w heavy metalowych przez zespo\u0142y bluesowe, rockowe, ska, a\u017c  po piosenk\u0119 literack\u0105.<\/p>\n<p>Zespo\u0142y te jak cho\u0107by \u201eBeskid Band\u201d, \u201eInitium\u201d, \u201eH\u017conszcz\u201d, \u201eZaraz\u201d  zdobywa\u0142y wielokrotnie nagrody na wielu festiwalach na terenie naszego  wojew\u00f3dztwa. Ponadto reprezentowa\u0142y nasz\u0105 plac\u00f3wk\u0119 dziesi\u0105tki razy  podczas r\u00f3\u017cnych uroczysto\u015bci wojew\u00f3dzkich, powiatowych, miejskich.<\/p>\n<p>Dzia\u0142alno\u015b\u0107 tych zespo\u0142\u00f3w udokumentowana jest kilkoma p\u0142ytami nagranymi w naszym studiu MDK-owskim.<\/p>\n<h2>Zaduszki muzyczne<\/h2>\n<p>Koncert zatytu\u0142owany \u201eZaduszki muzyczne\u201d odbywa si\u0119 w MDK a przedtem w  OPP corocznie od kilkunastu lat. Jego prekursorem by\u0142 Bogus\u0142aw Diduch.  Na repertuar koncertu sk\u0142adaj\u0105 si\u0119 piosenki w r\u00f3\u017cnoraki spos\u00f3b m\u00f3wi\u0105ce o  przemijaniu.<\/p>\n<p>W koncertach tych oddajemy ho\u0142d zmar\u0142ym artystom. Wielokrotnie  grali\u015bmy utwory A. Osieckiej, K. Klenczona, J. Kofty, G. Ciechowskiego.<\/p>\n<p>Ze wzgl\u0119du na bardzo ciekaw\u0105 opraw\u0119, koncerty te ciesz\u0105 si\u0119 olbrzymim  zainteresowaniem ze strony s\u0142uchaczy. Specyficzny klimat tych Koncert\u00f3w  pozostaje na d\u0142ugo w pami\u0119ci os\u00f3b, kt\u00f3re je widzia\u0142y.<\/p>\n<h2>Walentynki muzyczne<\/h2>\n<p>Podobn\u0105 tradycj\u0119 maj\u0105 nasze \u201eWalentynki muzyczne\u201d. Po raz pierwszy w  Gorlicach odby\u0142y si\u0119 z inicjatywy Agaty Kaczmarczyk w sali Gorlickiego  LO im. M. Kromera. Szybko idea ta uzyska\u0142a akceptacj\u0119 \u00f3wczesnego  dyrektora OPP Bogus\u0142awa Diducha i nasza plac\u00f3wka sta\u0142a si\u0119 organizatorem  tego bardzo popularnego  w\u015br\u00f3d m\u0142odzie\u017cy Koncertu. Z biegiem lat  mieli\u015bmy inscenizacje w parku, w barze, fragmenty prozy, poezj\u0119,  wreszcie gor\u0105ce pokazy taneczne.<\/p>\n<p>\u201eWalentynki muzyczne\u201d to jedno z najcenniejszych wydarze\u0144  artystycznych w naszym mie\u015bcie przyci\u0105gaj\u0105ce co roku bardzo liczn\u0105  rzesz\u0119 widz\u00f3w.<\/p>\n<h2>Koncert kol\u0119d<\/h2>\n<p>Okres kol\u0119dowy przypada akurat kiedy ko\u0144czy si\u0119 I p\u00f3\u0142rocze roku szkolnego.<\/p>\n<p>Zatem jest to niebywa\u0142a okazja do zaprezentowania swoich umiej\u0119tno\u015bci przez uczestnik\u00f3w k\u00f3\u0142 muzycznych.<\/p>\n<p>10 lat temu inicjatorem tych koncert\u00f3w by\u0142 obecny dyrektor MDK Tomasz  Kubala. Pocz\u0105tkowo koncerty te odbywa\u0142y si\u0119 w ma\u0142ej sali widowiskowej  MDK, gdzie s\u0142uchaczami byli g\u0142\u00f3wnie rodzice dzieci wyst\u0119puj\u0105cych.  Kolejne koncerty przyci\u0105ga\u0142y coraz liczniejsz\u0105  rzesz\u0119 s\u0142uchaczy a ich  formu\u0142a rozrasta\u0142a si\u0119. Do obecnego roku wyst\u0105pi\u0142o w nich ju\u017c kilka  renomowanych zespo\u0142\u00f3w m.in. \u201eSerencza\u201d, \u201eOstatnia Wieczerza w Karczmie  Przeznaczonej do Rozbi\u00f3rki\u201d zesp\u00f3\u0142 jazzowy Miros\u0142awa Bogonia oraz ch\u00f3r   Belfersingers.<br \/>\nW 1992 roku uchwa\u0142\u0105 Rady Pedagogicznej Ogniska Pracy Pozaszkolnej powo\u0142ali\u015bmy<\/p>\n<p>do \u017cycia now\u0105 w\u00f3wczas form\u0119 organizacji zaj\u0119\u0107 muzycznych Studio  Wokalne. Powodem decyzji Rady by\u0142 coraz liczniejszy udzia\u0142 wychowank\u00f3w w  imprezach i konkursach wokalnych,<\/p>\n<p>ze szczeg\u00f3lnym uwzgl\u0119dnieniem ambitnych propozycji o charakterze literackim i poetyckim.<\/p>\n<p>Od pocz\u0105tku istnienia Studio Wokalne by\u0142o nie tylko form\u0105 zaj\u0119\u0107  artystyczno \u2013 edukacyjnych, ale tak\u017ce pewnym forum towarzyskim dla  \u201ewtajemniczonych\u201d w arkana ambitnej piosenki<\/p>\n<p>i muzyki.<\/p>\n<p>To w\u0142a\u015bnie w gronie m\u0142odych \u201ewokalist\u00f3w\u201d powstawa\u0142y inicjatywy imprez i projekt\u00f3w.<\/p>\n<p><a href=\"..\/nowe\/wp-content\/uploads\/2010\/05\/IMG_2473.jpg\" rel=\"lightbox[203]\"><img loading=\"lazy\" title=\"IMG_2473\" src=\"..\/nowe\/wp-content\/uploads\/2010\/05\/IMG_2473-300x199.jpg\" alt=\"\" width=\"300\" height=\"199\" \/><\/a>Ze  Studia wykie\u0142kowa\u0142y takie zdarzenia, kt\u00f3re nabra\u0142y cyklicznego  charakteru jak \u201e Poetycko \u2013 Muzyczna Bitwa pod Gorlicami\u201d, \u201eZaduszki  Poetycko \u2013 Muzyczne\u201d, \u201eMuzyczne Walentynki\u201d, programy monograficzne-  po\u015bwi\u0119cone tw\u00f3rczo\u015bci tek\u015bciarzy, kompozytor\u00f3w, wykonawc\u00f3w, gatunkom  muzyki, wreszcie nawet muzyce poszczeg\u00f3lnych narod\u00f3w.<\/p>\n<p>W zaj\u0119ciach Studia uczestniczy\u0142o od czasu jego powstania kilkuset  m\u0142odych adept\u00f3w sztuki wokalnej. Jedni pojawiali si\u0119 incydentalnie,  przygotowywali repertuar w po\u015bpiechu i biegli do nauki i innych zaj\u0119\u0107,  inni przez lata, systematycznie doskonalili swoje talenty,  wsp\u00f3\u0142pracowali w organizacji imprez, pomagali m\u0142odym kole\u017cankom i  kolegom, zdobywali laury w konkursach<\/p>\n<p>i festiwalach.<\/p>\n<p>Nie spos\u00f3b przypomnie\u0107 tu wszystkich \u201ewokalist\u00f3w\u201d, ale o wielu warto  pami\u0119ta\u0107. Anna Piecuch i Agnieszka Wrona po dwa razy kwalifikowa\u0142y si\u0119  do Krajowego Fina\u0142u Og\u00f3lnopolskiego Konkursu Recytatorskiego w kategorii  poezji \u015bpiewanej, w finale wojew\u00f3dzkim OKR byli m.in. Kamila Pluci\u0144ska,  Ma\u0142gorzata Ulrich, Klaudia Kozie\u0144, Agnieszka Prokop, Iwona \u015aliwa, Magda  Tokarz, Alicja Grzesiak, Ewa \u0141uczejko, &#8230; .<\/p>\n<p>Studio \u201egra\u0142o i \u015bpiewa\u0142o\u201d w koncertach monograficznych utwory  Grechuty, Krajewskiego, Kofty, Osieckiej, Presleya, piosenki inspirowane  folklorem, piosenki francuskie i rosyjskie.<\/p>\n<p>Nie by\u0142oby sukces\u00f3w konkursowych i imprezowych Studia, gdyby nie  zaprzyja\u017aniona pocz\u0105tkowo, a p\u00f3\u017aniej stanowi\u0105ca jego integraln\u0105 cz\u0119\u015b\u0107  grupa muzyk\u00f3w: Tomasz Kubala, Sobies\u0142aw Pawlikowski, Grzegorz Bochniak,  Miros\u0142aw Bogo\u0144, Grzegorz Jarek, Agnieszka Prokop, Justyna Nowak, Barbara  Nowicka, Tomasz Budzioch, Barbara Kotecka, Renata Mikruta, i.in.<\/p>\n<p>Z roku na rok liczba uczestnik\u00f3w zaj\u0119\u0107 ro\u015bnie, a Studio jest coraz  bardziej popularne w\u015br\u00f3d gorlickich mi\u0142o\u015bnik\u00f3w poezji i muzyki.<\/p>\n<h6><span style=\"color: #ff0000;\"><strong>Miros\u0142aw Bogo\u0144<\/strong><\/span><\/h6>\n<h6>Zaj\u0119cia muzyczne terenowe grup mniejszo\u015bci narodowych \u2013 zespo\u0142y instrumentalne i ch\u00f3r \u201eRuczaj\u201d<\/h6>\n<p>Pi\u0119\u0107 lat temu (2002\/2003) pojawi\u0142a si\u0119 inicjatywa wsp\u00f3\u0142pracy  Stowarzyszenia \u0141emk\u00f3w z M\u0142odzie\u017cowym Domem Kultury w Gorlicach. Owocem  tej wsp\u00f3\u0142pracy mi\u0142o by\u0107 propagowanie kultury \u0142emkowskiej w\u015br\u00f3d dzieci i  m\u0142odzie\u017cy . Zatrudniono wi\u0119c instruktor\u00f3w, dzi\u0119ki kt\u00f3rym m\u0142odzie\u017c  rozpocz\u0119\u0142a nauk\u0119 \u015bpiewu, gry na instrumentach, recytacji. Tak jest do  dzisiaj. Powsta\u0142y zespo\u0142y muzyczne: \u201eRuczaj\u201d i zespo\u0142y instrumentalne:  gitarowo  &#8211; keyboardowe.<\/p>\n<p>Zesp\u00f3\u0142 \u201eRuczaj\u201d to \u0142emkowski ch\u00f3r m\u0142odzie\u017cowy sk\u0142adaj\u0105cy si\u0119 z  uczni\u00f3w Zespo\u0142u Szkolno-Przedszkolnego w S\u0119kowej i Zespo\u0142u Szk\u00f3\u0142 w  Siarach \u2013 og\u00f3\u0142em 20 cz\u0142onk\u00f3w z 10 miejscowo\u015bci. Ma na swym koncie  wyst\u0119py w ca\u0142ej Polsce, udzia\u0142 w programach telewizyjnych (m.in. z  Brianem Scottem, Wand\u0105 Chotomsk\u0105), konkursach og\u00f3lnopolskich. Dzi\u0119ki  patronatowi M\u0142odzie\u017cowego Domu Kultury zesp\u00f3\u0142 zwiedzi\u0142 wspania\u0142e rejony  Polski i uczestniczy\u0142 w wielu presti\u017cowych imprezach. Udzia\u0142 w tego typu  zaj\u0119ciach sprzyja wy\u0142awianiu m\u0142odych talent\u00f3w, kt\u00f3rzy zdobywaj\u0105c  do\u015bwiadczenie sceniczne pr\u00f3buj\u0105 r\u00f3wnie\u017c samodzielnie si\u0142 w innych  formacjach muzycznych: zespo\u0142y rockowe i folkowe, soli\u015bci w studiach  wokalnych czy zespo\u0142ach szkolnych.<\/p>\n<p>Zespo\u0142y instrumentalne gitarowo \u2013 keyboardowe tworz\u0105 uczniowie wy\u017cej  wymienionych szk\u00f3\u0142 w wieku 9 \u2013 14 lat. Uczestnicy tych zaj\u0119\u0107 bardzo  cz\u0119sto prezentuj\u0105 swoje umiej\u0119tno\u015bci podczas imprez szkolnych , czy  \u015brodowiskowych wzbogacaj\u0105c ich opraw\u0119 muzyczn\u0105 i estetyczn\u0105. M\u0142odzie\u017c  ch\u0119tnie uczestniczy w zaj\u0119ciach, na kt\u00f3rych opr\u00f3cz nauki gry ma  mo\u017cliwo\u015b\u0107 wsp\u00f3lnego muzykowania i konfrontacji z nauczycielem.  Instrumentali\u015bci zdobyt\u0105 wiedz\u0119 pr\u00f3buj\u0105 ponadto wykorzysta\u0107 w r\u00f3\u017cnych  zespo\u0142ach: rockowych, scholach. Dzi\u0119ki umo\u017cliwieniu nauki gry m\u0142odzie\u017c  ch\u0119tniej anga\u017cuje si\u0119 w \u017cycie kulturalne naszego regionu<\/p>\n<p><span style=\"color: #ff0000;\"><strong>Agata  Masztafiak<\/strong><\/span><\/p>\n<p>Absolwentka Pa\u0144stwowego Liceum Muzycznego im. F. Chopina w Krakowie  1993-1997r. a nast\u0119pnie Akademii \u015awi\u0119tokrzyskiej w Kielcach, na  kieruneku Edukacja Artystyczna w zakresie sztuki muzycznej 1997-2002r.  oraz  Uniwersytetu Rzeszowskiego na  Wydziale  Pedagogiczno \u2013  Artystycznym \u2013 Studi\u00f3w Podyplomowych w zakresie wiedzy o kulturze 2007r.<br \/>\nW M\u0142odzie\u017cowym Domu Kultury prowadzi zaj\u0119cia muzyczne ukierunkowane na<br \/>\nrozw\u00f3j zainteresowa\u0144 i uzdolnie\u0144 m\u0142odych wokalist\u00f3w i instrumentalist\u00f3w. Od<br \/>\n11 lat prowadzi zaj\u0119cia gry na instrumentach klawiszowych (keyboard,  fortepian) oraz nauk\u0119 gry na flecie poprzecznym, prowadz\u0119 r\u00f3wnie\u017c  zespo\u0142y wokalne i wokalno-  instrumentalne.<\/p>\n<p>Zaj\u0119cia muzyczne przebiegaj\u0105 wed\u0142ug planu pracy uwzgl\u0119dniaj\u0105cego mo\u017cliwo\u015bci,<br \/>\nuzdolnienia i wiek uczestnik\u00f3w, oraz potrzeby \u015brodowiska lokalnego.<\/p>\n<p>G\u0142\u00f3wne cele zaj\u0119\u0107 to:<\/p>\n<p>-rozwijanie uzdolnie\u0144 i wra\u017cliwo\u015bci na muzyk\u0119,<\/p>\n<p>-kszta\u0142towanie zainteresowa\u0144 i upodoba\u0144 muzycznych,<\/p>\n<p>-wzbogacenie wiedzy z zakresu kultury muzycznej,<\/p>\n<p>-kszta\u0142cenie i rozwijanie umiej\u0119tno\u015bci muzycznych takich jak : \u015bpiew, gra na instrumentach, dzia\u0142ania tw\u00f3rcze,<\/p>\n<p>-rozbudzanie zami\u0142owania do muzykowania indywidualnego i zespo\u0142owego,<\/p>\n<p>-poznawanie muzyki i tradycji muzycznych w\u0142asnego regionu, dorobku polskiej kultury muzycznej<\/p>\n","protected":false},"excerpt":{"rendered":"<p>Tomasz Kubala Uko\u0144czy\u0142 studia magisterskie z pedagogiki opiek.-wych. Z fakultetem wychowanie muzyczne, Kurs Kwalifikacyjny Sztuka Instruktor muzyki w MDK. Gitarzysta, kompozytor, cz\u0142onek zespo\u0142u Ostatnia Wieczerza w Karczmie Przeznaczonej do Rozbi\u00f3rki. Obecnie dyrektor MDK. Ko\u0142o gitarowe W M\u0142odzie\u017cowym Domu Kultury od pocz\u0105tku jego istnienia dzia\u0142aj\u0105 ko\u0142a nauki gry na gitarze. Prekursorem tej formy dzia\u0142alno\u015bci by\u0142 Bogus\u0142aw [&hellip;]<\/p>\n","protected":false},"author":2,"featured_media":0,"parent":18,"menu_order":1154,"comment_status":"closed","ping_status":"open","template":"","meta":{"ngg_post_thumbnail":0},"_links":{"self":[{"href":"https:\/\/mdk.gorlice.net.pl\/index.php?rest_route=\/wp\/v2\/pages\/203"}],"collection":[{"href":"https:\/\/mdk.gorlice.net.pl\/index.php?rest_route=\/wp\/v2\/pages"}],"about":[{"href":"https:\/\/mdk.gorlice.net.pl\/index.php?rest_route=\/wp\/v2\/types\/page"}],"author":[{"embeddable":true,"href":"https:\/\/mdk.gorlice.net.pl\/index.php?rest_route=\/wp\/v2\/users\/2"}],"replies":[{"embeddable":true,"href":"https:\/\/mdk.gorlice.net.pl\/index.php?rest_route=%2Fwp%2Fv2%2Fcomments&post=203"}],"version-history":[{"count":11,"href":"https:\/\/mdk.gorlice.net.pl\/index.php?rest_route=\/wp\/v2\/pages\/203\/revisions"}],"predecessor-version":[{"id":2943,"href":"https:\/\/mdk.gorlice.net.pl\/index.php?rest_route=\/wp\/v2\/pages\/203\/revisions\/2943"}],"up":[{"embeddable":true,"href":"https:\/\/mdk.gorlice.net.pl\/index.php?rest_route=\/wp\/v2\/pages\/18"}],"wp:attachment":[{"href":"https:\/\/mdk.gorlice.net.pl\/index.php?rest_route=%2Fwp%2Fv2%2Fmedia&parent=203"}],"curies":[{"name":"wp","href":"https:\/\/api.w.org\/{rel}","templated":true}]}}