{"id":2627,"date":"2019-09-17T09:45:29","date_gmt":"2019-09-17T09:45:29","guid":{"rendered":"http:\/\/mdk.gorlice.net.pl\/?page_id=2627"},"modified":"2022-10-27T09:56:45","modified_gmt":"2022-10-27T09:56:45","slug":"rodo","status":"publish","type":"page","link":"https:\/\/mdk.gorlice.net.pl\/?page_id=2627","title":{"rendered":"RODO"},"content":{"rendered":"<p>\u201ePrzetwarzanie danych osobowych nale\u017cy zorganizowa\u0107 w taki spos\u00f3b, aby s\u0142u\u017cy\u0142o ludzko\u015bci\u2026\u201d<br \/>\nMotyw 4 do og\u00f3lnego rozporz\u0105dzenia o ochronie danych z dnia 27 kwietnia 2016 roku<\/p>\n<p><strong>PRZETWARZANIE DANYCH OSOBOWYCH W M\u0141ODZIE\u017bOWYM DOMU KULTURY W GORLICACH<\/strong><\/p>\n<p>Szanowny Kliencie,<\/p>\n<p>Zgodnie z obowi\u0105zuj\u0105cymi przepisami dotycz\u0105cymi ochrony danych osobowych, mamy obowi\u0105zek poda\u0107 informacje dotycz\u0105ce przetwarzania danych osobowych okre\u015blone w art. 13 lub 14 rozporz\u0105dzenia Parlamentu Europejskiego i Rady (UE) 2016\/679 z dnia 27 kwietnia 2016 r. w sprawie ochrony os\u00f3b fizycznych w zwi\u0105zku z przetwarzaniem danych osobowych i w sprawie swobodnego przep\u0142ywu takich danych oraz uchylenia dyrektywy 95\/46\/WE ( og\u00f3lne rozporz\u0105dzenie o ochronie danych ), w zale\u017cno\u015bci od tego, czy zosta\u0142y one pozyskane bezpo\u015brednio od Ciebie czy te\u017c z innych \u017ar\u00f3de\u0142.<br \/>\n<strong>Czym s\u0105 dane osobowe ?<\/strong><br \/>\nDane osobowe to informacje o zidentyfikowanej lub mo\u017cliwej do zidentyfikowania osobie fizycznej. Tak\u0105 osob\u0105 jest osoba, kt\u00f3r\u0105 mo\u017cna bezpo\u015brednio lub po\u015brednio zidentyfikowa\u0107 przy pomocy imienia i nazwiska, cech fizycznych lub genetycznych. Do danych osobowych zalicza si\u0119 r\u00f3wnie\u017c informacje dotycz\u0105ce os\u00f3b fizycznych prowadz\u0105cych dzia\u0142alno\u015b\u0107 gospodarcz\u0105.<br \/>\n<strong>Co oznacza przetwarzanie danych osobowych ?<\/strong><br \/>\nPrzetwarzaniem danych osobowych s\u0105 wszelkie czynno\u015bci wykonywane na danych osobowych, takie jak np. zbieranie, utrwalanie, organizowanie, porz\u0105dkowanie, przechowywanie, modyfikowanie, pobieranie, przegl\u0105danie, wykorzystywanie, udost\u0119pnianie, usuwanie, niszczenie.<br \/>\n<strong>Administrator i jego dane kontaktowe<\/strong><br \/>\nAdministratorem Twoich danych osobowych jest M\u0142odzie\u017cowy Dom Kultury w\u00a0Gorlicach  zwany te\u017c plac\u00f3wk\u0105 lub jednostk\u0105 o\u015bwiatow\u0105<br \/>\nAdres siedziby: 38-300 Gorlice ul. 11 Cicha 4<br \/>\nTelefon\/Fax: (048 18)\u00a0353 58 91<br \/>\nZ  jednostk\u0105 mo\u017cna si\u0119 skontaktowa\u0107 za po\u015brednictwem adresu e-mail: mdk@gorlice.net.pl lub kieruj\u0105c korespondencj\u0119 na wskazany wy\u017cej adres albo osobi\u015bcie w siedzibie plac\u00f3wki.<br \/>\n<strong>Dane kontaktowe Inspektora Ochrony Danych oraz Zast\u0119pcy Inspektora Ochrony Danych<\/strong><br \/>\nInspektor Ochrony Danych osobowych &#8211; Dorota Myszkowska -Janik,<br \/>\ne-mail: iod@powiatgorlicki.pl, tel. 533\u00a0369\u00a0636<br \/>\nZast\u0119pca Inspektora Ochrony Danych &#8211;  \u0141ukasz Dziuban,<br \/>\ne-mail: l.dziuban@powiatgorlicki.pl<br \/>\n<strong>Dane kontaktowe Urz\u0119du Ochrony Danych Osobowych<\/strong><br \/>\nPrezes Urz\u0119du Ochrony Danych Osobowych z siedzib\u0105 w Warszawie w Warszawie<br \/>\nAdres:  ul. Stawki 2, 00 \u2013 193 Warszawa.<\/p>\n<p><strong>Cele i podstawy przetwarzania danych osobowych<\/strong><\/p>\n<p>Twoje dane osobowe s\u0105 przetwarzane w celu :<br \/>\n1.wype\u0142nienia obowi\u0105zku prawnego ci\u0105\u017c\u0105cego na Administratorze<br \/>\n2.wykonania zadania realizowanego w interesie publicznym lub w ramach sprawowania w\u0142adzy publicznej powierzonej jednostce o\u015bwiatowej<br \/>\n3.realizacji um\u00f3w zawartych z kontrahentami jednostki<br \/>\n4.w szczeg\u00f3lnych wypadkach na podstawie udzielonej zgody<\/p>\n<p><strong>Odbiorcy danych osobowych<\/strong><br \/>\nOdbiorcami Twoich danych osobowych b\u0119d\u0105:<br \/>\n1.organy w\u0142adzy publicznej<br \/>\n2.podmioty wykonuj\u0105ce zadania publiczne lub dzia\u0142aj\u0105ce na zlecenie organ\u00f3w w\u0142adzy publicznej<br \/>\n3.inne podmioty, kt\u00f3re przetwarzaj\u0105 Twoje dane osobowe na udokumentowane polecenie plac\u00f3wki<\/p>\n<p><strong>Okres przechowywania danych osobowych<\/strong><\/p>\n<p>Twoje dane osobowe s\u0105 przetwarzane przez okres niezb\u0119dny do realizacji cel\u00f3w dla kt\u00f3rych zosta\u0142y pobrane, a po tym okresie s\u0105 archiwizowane przez okres wymagany przepisami prawa.<\/p>\n<p><strong>Prawa zwi\u0105zane z przetwarzaniem danych osobowych<\/strong> <\/p>\n<p>1.prawo dost\u0119pu do swoich danych osobowych, w tym prawo do uzyskania kopii tych danych,<br \/>\n2.prawo do \u017c\u0105dania sprostowania (poprawiania) swoich danych osobowych \u2013 w przypadku gdy dane s\u0105 nieprawid\u0142owe lub niekompletne;<br \/>\n3.prawo do \u017c\u0105dania usuni\u0119cia swoich danych osobowych (tzw. prawo do bycia zapomnianym), w przypadku gdy:<br \/>\na)Twoje dane nie s\u0105 ju\u017c niezb\u0119dne do cel\u00f3w, dla kt\u00f3rych by\u0142y zebrane lub w inny spos\u00f3b przetwarzane,<br \/>\nb)z\u0142o\u017cysz sprzeciw wobec przetwarzania danych osobowych,<br \/>\nc)wycofasz zgod\u0119 na przetwarzanie danych osobowych, kt\u00f3ra jest podstaw\u0105 przetwarzania danych i nie ma innej podstawy prawnej przetwarzania danych,<br \/>\nd)Twoje dane osobowe przetwarzane s\u0105 niezgodnie z prawem,<br \/>\ne)Twoje dane osobowe musz\u0105 by\u0107 usuni\u0119te w celu wywi\u0105zania si\u0119 z obowi\u0105zku wynikaj\u0105cego z przepis\u00f3w prawa;<br \/>\n4.prawo do \u017c\u0105dania ograniczenia przetwarzania Twoich danych osobowych \u2013 w przypadku, gdy:<br \/>\na)kwestionujesz prawid\u0142owo\u015b\u0107 danych osobowych,<br \/>\nb)przetwarzanie danych jest niezgodne z prawem, a sprzeciwiasz si\u0119 ich usuni\u0119ciu, \u017c\u0105daj\u0105c w zamian ich ograniczenia,<br \/>\nc)plac\u00f3wka nie potrzebuje ju\u017c Twoich  danych dla swoich cel\u00f3w, ale Ty ich potrzebujesz do ustalenia, obrony lub dochodzenia roszcze\u0144,<br \/>\nd)wniesiesz sprzeciw wobec przetwarzania Twoich danych, do czasu ustalenia czy prawnie uzasadnione podstawy po stronie plac\u00f3wki s\u0105 nadrz\u0119dne wobec podstawy sprzeciwu;<br \/>\n5.prawo do przenoszenia danych \u2013 w przypadku gdy \u0142\u0105cznie spe\u0142nione s\u0105 nast\u0119puj\u0105ce przes\u0142anki:<br \/>\na)przetwarzanie danych odbywa si\u0119 na podstawie zawartej z Tob\u0105 umowy lub na podstawie udzielonej zgody,<br \/>\nb)przetwarzanie odbywa si\u0119 w spos\u00f3b zautomatyzowany;<br \/>\n6.prawo sprzeciwu wobec przetwarzania danych \u2013 w przypadku gdy \u0142\u0105cznie spe\u0142nione s\u0105 nast\u0119puj\u0105ce przes\u0142anki:<br \/>\na)zaistniej\u0105 przyczyny zwi\u0105zane z Twoj\u0105 szczeg\u00f3ln\u0105 sytuacj\u0105, w przypadku przetwarzania danych na podstawie zadania realizowanego w interesie publicznym lub w ramach sprawowania w\u0142adzy publicznej powierzonej plac\u00f3wce,<br \/>\nb)przetwarzanie jest niezb\u0119dne do cel\u00f3w wynikaj\u0105cych z prawnie uzasadnionych interes\u00f3w realizowanych przez plac\u00f3wk\u0119 lub przez stron\u0119 trzeci\u0105<\/p>\n<p>W celu skorzystania z ww. praw mo\u017cesz skontaktowa\u0107 si\u0119 z plac\u00f3wk\u0105 lub inspektorem ochrony danych, korzystaj\u0105c z danych kontaktowych podanych wy\u017cej. <\/p>\n<p><strong>Dowolno\u015b\u0107 podania danych osobowych<\/strong><\/p>\n<p>W przypadku gdy przetwarzanie danych osobowych odbywa si\u0119 na podstawie Twojej zgody podanie danych osobowych ma charakter dobrowolny.<br \/>\nPrawo do cofni\u0119cia tej zgody przys\u0142uguje Ci w dowolnym momencie.<br \/>\nCofni\u0119cie zgody nie ma wp\u0142ywu na zgodno\u015b\u0107 przetwarzania, kt\u00f3rego plac\u00f3wka dokonywa\u0142a na podstawie zgody przed jej cofni\u0119ciem.<br \/>\nW sytuacji gdy przes\u0142ank\u0119 przetwarzania Twoich danych osobowych stanowi przepis prawa lub zawarta mi\u0119dzy stronami umowa, podanie danych osobowych jest obowi\u0105zkowe.<\/p>\n<p><strong>Zautomatyzowane przetwarzanie danych osobowych<\/strong><\/p>\n<p>Twoje dane osobowe nie s\u0105 przetwarzane w spos\u00f3b zautomatyzowany i\u00a0nie s\u0105 profilowane.<\/p>\n","protected":false},"excerpt":{"rendered":"<p>\u201ePrzetwarzanie danych osobowych nale\u017cy zorganizowa\u0107 w taki spos\u00f3b, aby s\u0142u\u017cy\u0142o ludzko\u015bci\u2026\u201d Motyw 4 do og\u00f3lnego rozporz\u0105dzenia o ochronie danych z dnia 27 kwietnia 2016 roku PRZETWARZANIE DANYCH OSOBOWYCH W M\u0141ODZIE\u017bOWYM DOMU KULTURY W GORLICACH Szanowny Kliencie, Zgodnie z obowi\u0105zuj\u0105cymi przepisami dotycz\u0105cymi ochrony danych osobowych, mamy obowi\u0105zek poda\u0107 informacje dotycz\u0105ce przetwarzania danych osobowych okre\u015blone w art. [&hellip;]<\/p>\n","protected":false},"author":1,"featured_media":0,"parent":0,"menu_order":969,"comment_status":"closed","ping_status":"closed","template":"","meta":{"ngg_post_thumbnail":0},"_links":{"self":[{"href":"https:\/\/mdk.gorlice.net.pl\/index.php?rest_route=\/wp\/v2\/pages\/2627"}],"collection":[{"href":"https:\/\/mdk.gorlice.net.pl\/index.php?rest_route=\/wp\/v2\/pages"}],"about":[{"href":"https:\/\/mdk.gorlice.net.pl\/index.php?rest_route=\/wp\/v2\/types\/page"}],"author":[{"embeddable":true,"href":"https:\/\/mdk.gorlice.net.pl\/index.php?rest_route=\/wp\/v2\/users\/1"}],"replies":[{"embeddable":true,"href":"https:\/\/mdk.gorlice.net.pl\/index.php?rest_route=%2Fwp%2Fv2%2Fcomments&post=2627"}],"version-history":[{"count":8,"href":"https:\/\/mdk.gorlice.net.pl\/index.php?rest_route=\/wp\/v2\/pages\/2627\/revisions"}],"predecessor-version":[{"id":3172,"href":"https:\/\/mdk.gorlice.net.pl\/index.php?rest_route=\/wp\/v2\/pages\/2627\/revisions\/3172"}],"wp:attachment":[{"href":"https:\/\/mdk.gorlice.net.pl\/index.php?rest_route=%2Fwp%2Fv2%2Fmedia&parent=2627"}],"curies":[{"name":"wp","href":"https:\/\/api.w.org\/{rel}","templated":true}]}}