{"id":274,"date":"2010-11-05T08:55:55","date_gmt":"2010-11-05T08:55:55","guid":{"rendered":"http:\/\/mdk.gorlice.net.pl\/?page_id=274"},"modified":"2010-11-05T08:55:55","modified_gmt":"2010-11-05T08:55:55","slug":"imprezy-cykliczne","status":"publish","type":"page","link":"https:\/\/mdk.gorlice.net.pl\/?page_id=274","title":{"rendered":"Imprezy cykliczne"},"content":{"rendered":"<p>Na tej podstronie prezentujemy imprezy, kt\u00f3re na sta\u0142e wpisa\u0142y si\u0119 w kalendarz dzia\u0142alno\u015bci MDK<\/p>\n","protected":false},"excerpt":{"rendered":"<p>Na tej podstronie prezentujemy imprezy, kt\u00f3re na sta\u0142e wpisa\u0142y si\u0119 w kalendarz dzia\u0142alno\u015bci MDK<\/p>\n","protected":false},"author":2,"featured_media":0,"parent":0,"menu_order":0,"comment_status":"closed","ping_status":"open","template":"","meta":{"ngg_post_thumbnail":0},"_links":{"self":[{"href":"https:\/\/mdk.gorlice.net.pl\/index.php?rest_route=\/wp\/v2\/pages\/274"}],"collection":[{"href":"https:\/\/mdk.gorlice.net.pl\/index.php?rest_route=\/wp\/v2\/pages"}],"about":[{"href":"https:\/\/mdk.gorlice.net.pl\/index.php?rest_route=\/wp\/v2\/types\/page"}],"author":[{"embeddable":true,"href":"https:\/\/mdk.gorlice.net.pl\/index.php?rest_route=\/wp\/v2\/users\/2"}],"replies":[{"embeddable":true,"href":"https:\/\/mdk.gorlice.net.pl\/index.php?rest_route=%2Fwp%2Fv2%2Fcomments&post=274"}],"version-history":[{"count":1,"href":"https:\/\/mdk.gorlice.net.pl\/index.php?rest_route=\/wp\/v2\/pages\/274\/revisions"}],"predecessor-version":[{"id":275,"href":"https:\/\/mdk.gorlice.net.pl\/index.php?rest_route=\/wp\/v2\/pages\/274\/revisions\/275"}],"wp:attachment":[{"href":"https:\/\/mdk.gorlice.net.pl\/index.php?rest_route=%2Fwp%2Fv2%2Fmedia&parent=274"}],"curies":[{"name":"wp","href":"https:\/\/api.w.org\/{rel}","templated":true}]}}