{"id":276,"date":"2010-11-05T08:58:13","date_gmt":"2010-11-05T08:58:13","guid":{"rendered":"http:\/\/mdk.gorlice.net.pl\/?page_id=276"},"modified":"2017-03-10T11:18:55","modified_gmt":"2017-03-10T11:18:55","slug":"poetycko-muzyczna-bitwa-pod-gorlicami","status":"publish","type":"page","link":"https:\/\/mdk.gorlice.net.pl\/?page_id=276","title":{"rendered":"Poetycko Muzyczna Bitwa pod Gorlicami"},"content":{"rendered":"<p>W 1995 r. miasto Gorlice hucznie obchodzi\u0142o 80-t\u0105 rocznic\u0119 s\u0142ynnego wydarzenia historycznego zwanego Bitw\u0105 pod Gorlicami.<br \/>\n\u00d3wczesne w\u0142adze miasta zwr\u00f3ci\u0142y si\u0119 z apelem do plac\u00f3wek kultury, szk\u00f3\u0142 i instytucji o w\u0142\u0105czenie si\u0119 w obchody. Wsp\u00f3lnie z grup\u0105 m\u0142odzie\u017cy \u2013 Sobies\u0142aw Pawlikowski, Tomasz Kubala, Tomasz Budzioch, Anna Piecuch, Grzegorz Bochniak i.in. postanowili\u015bmy, korzystaj\u0105c z rocznicowej okazji, wypromowa\u0107 konkurs piosenki literackiej, nadaj\u0105c mu no\u015bn\u0105 nazw\u0119 \u201ePoetycko \u2013 Muzyczna Bitwa pod Gorlicami\u201d. Pomys\u0142 zosta\u0142 z entuzjazmem zaaprobowany i dofinansowany przez decydent\u00f3w.<br \/>\nDzi\u0119ki dobrym kontaktom w \u015brodowisku wykonawc\u00f3w \u201epiosenek z tekstem\u201d, gwiazd\u0105 pierwszego konkursu by\u0142a \u201eWolna Grupa Bukowina\u201d, a wydarzenie promowane by\u0142o w mediach lokalnych i og\u00f3lnopolskich. Audycj\u0119 po\u015bwi\u0119ci\u0142 mu w swoim \u201ekultowym\u201d programie \u201eGitar\u0105 i pi\u00f3rem\u201d Janusz Deblessem, kt\u00f3ry wraz z ekip\u0105 programu III PR odwiedzi\u0142 i nagra\u0142 imprez\u0119. Od tego czasu \u201e\u2026 Bitwa \u2026\u201d regularnie go\u015bci u red. Deblessema.<br \/>\nWsparcia medialnego, a przede wszystkim eksperckiego udziela nam od pierwszego konkursu pan redaktor Jan Poprawa, niekwestionowany guru i propagator piosenki poetyckiej w Polsce.<br \/>\nTo w\u0142a\u015bnie dzi\u0119ki niemu impreza nabra\u0142a artystycznego i \u015brodowiskowego znaczenia, poniewa\u017c redaktor Poprawa wpisa\u0142 j\u0105 na list\u0119 konkurs\u00f3w eliminacyjnych Przegl\u0105du Piosenki Studenckiej.<br \/>\nW latach 1995 \u2013 2007 na estradzie \u201ePoetycko muzycznej Bitwy pod Gorlicami\u201d go\u015bcili\u015bmy niemal wszystkich znacz\u0105cych wykonawc\u00f3w gatunku, \u017ce wymieni\u0119 tylko: \u201eWolna Grupa Bukowina\u201d, \u201eStare Dobre Ma\u0142\u017ce\u0144stwo\u201d, \u201eRaz, dwa, trzy \u2026\u201d, \u201eCzerwony Tulipan\u201d, El\u017cbieta Adamiak, Robert Kasprzycki, Miros\u0142aw Czy\u017cykiewicz, Leszek W\u00f3jtowicz, Antonina Krzyszto\u0144, Ewelina Marciniak, Barbara St\u0119pniak-Wilk, Martyna Jakubowicz i.in.<br \/>\nTriumfatorami Z\u0142otego, Srebrnego i Br\u0105zowego Gryfa byli m.in. Anna Piecuch, Iwona \u015aliwa, Barbara St\u0119pniak, Piotr Rogucki, Ewelina Marciniak, \u2026 .<br \/>\nPo latach pracy dyrektor\u00f3w Bogus\u0142awa Diducha, Ewy Pluci\u0144skiej i Tomasza Kubali \u201ePoetycko \u2013 Muzyczna Bitwa pod Gorlicami\u201d nabra\u0142a znaczenia w \u015brodowisku \u015bpiewaj\u0105cych autor\u00f3w, wypromowa\u0142a znanych dzi\u015b powszechnie artyst\u00f3w, wykonawc\u00f3w, tek\u015bciarzy i kompozytor\u00f3w i znalaz\u0142a trwa\u0142e miejsce na mapie ambitnych imprez muzycznych Kraju.<\/p>\n<p><a href=\"https:\/\/mdk.gorlice.net.pl\/wp-content\/uploads\/2010\/11\/0211.jpg\" rel=\"lightbox[276]\"><img loading=\"lazy\" src=\"https:\/\/mdk.gorlice.net.pl\/wp-content\/uploads\/2010\/11\/0211-300x199.jpg\" alt=\"\" title=\"021\" width=\"300\" height=\"199\" class=\"alignleft size-medium wp-image-546\" srcset=\"https:\/\/mdk.gorlice.net.pl\/wp-content\/uploads\/2010\/11\/0211-300x199.jpg 300w, https:\/\/mdk.gorlice.net.pl\/wp-content\/uploads\/2010\/11\/0211.jpg 800w\" sizes=\"(max-width: 300px) 100vw, 300px\" \/><\/a><a href=\"https:\/\/mdk.gorlice.net.pl\/wp-content\/uploads\/2010\/11\/0361.jpg\" rel=\"lightbox[276]\"><img loading=\"lazy\" src=\"https:\/\/mdk.gorlice.net.pl\/wp-content\/uploads\/2010\/11\/0361-300x177.jpg\" alt=\"\" title=\"036\" width=\"300\" height=\"177\" class=\"alignright size-medium wp-image-547\" srcset=\"https:\/\/mdk.gorlice.net.pl\/wp-content\/uploads\/2010\/11\/0361-300x177.jpg 300w, https:\/\/mdk.gorlice.net.pl\/wp-content\/uploads\/2010\/11\/0361.jpg 800w\" sizes=\"(max-width: 300px) 100vw, 300px\" \/><\/a><a href=\"https:\/\/mdk.gorlice.net.pl\/wp-content\/uploads\/2010\/11\/0571.jpg\" rel=\"lightbox[276]\"><img loading=\"lazy\" src=\"https:\/\/mdk.gorlice.net.pl\/wp-content\/uploads\/2010\/11\/0571-300x199.jpg\" alt=\"\" title=\"057\" width=\"300\" height=\"199\" class=\"alignleft size-medium wp-image-548\" srcset=\"https:\/\/mdk.gorlice.net.pl\/wp-content\/uploads\/2010\/11\/0571-300x199.jpg 300w, https:\/\/mdk.gorlice.net.pl\/wp-content\/uploads\/2010\/11\/0571.jpg 800w\" sizes=\"(max-width: 300px) 100vw, 300px\" \/><\/a><a href=\"https:\/\/mdk.gorlice.net.pl\/wp-content\/uploads\/2010\/11\/0821.jpg\" rel=\"lightbox[276]\"><img loading=\"lazy\" src=\"https:\/\/mdk.gorlice.net.pl\/wp-content\/uploads\/2010\/11\/0821-300x199.jpg\" alt=\"\" title=\"082\" width=\"300\" height=\"199\" class=\"alignright size-medium wp-image-549\" srcset=\"https:\/\/mdk.gorlice.net.pl\/wp-content\/uploads\/2010\/11\/0821-300x199.jpg 300w, https:\/\/mdk.gorlice.net.pl\/wp-content\/uploads\/2010\/11\/0821.jpg 800w\" sizes=\"(max-width: 300px) 100vw, 300px\" \/><\/a><a href=\"https:\/\/mdk.gorlice.net.pl\/wp-content\/uploads\/2010\/11\/0911.jpg\" rel=\"lightbox[276]\"><img loading=\"lazy\" src=\"https:\/\/mdk.gorlice.net.pl\/wp-content\/uploads\/2010\/11\/0911-300x199.jpg\" alt=\"\" title=\"091\" width=\"300\" height=\"199\" class=\"alignleft size-medium wp-image-550\" srcset=\"https:\/\/mdk.gorlice.net.pl\/wp-content\/uploads\/2010\/11\/0911-300x199.jpg 300w, https:\/\/mdk.gorlice.net.pl\/wp-content\/uploads\/2010\/11\/0911.jpg 800w\" sizes=\"(max-width: 300px) 100vw, 300px\" \/><\/a><a href=\"https:\/\/mdk.gorlice.net.pl\/wp-content\/uploads\/2010\/11\/0981.jpg\" rel=\"lightbox[276]\"><img loading=\"lazy\" src=\"https:\/\/mdk.gorlice.net.pl\/wp-content\/uploads\/2010\/11\/0981-300x199.jpg\" alt=\"\" title=\"098\" width=\"300\" height=\"199\" class=\"alignright size-medium wp-image-551\" srcset=\"https:\/\/mdk.gorlice.net.pl\/wp-content\/uploads\/2010\/11\/0981-300x199.jpg 300w, https:\/\/mdk.gorlice.net.pl\/wp-content\/uploads\/2010\/11\/0981.jpg 800w\" sizes=\"(max-width: 300px) 100vw, 300px\" \/><\/a><a href=\"https:\/\/mdk.gorlice.net.pl\/wp-content\/uploads\/2010\/11\/1041.jpg\" rel=\"lightbox[276]\"><img loading=\"lazy\" src=\"https:\/\/mdk.gorlice.net.pl\/wp-content\/uploads\/2010\/11\/1041-300x258.jpg\" alt=\"\" title=\"104\" width=\"300\" height=\"258\" class=\"alignleft size-medium wp-image-552\" srcset=\"https:\/\/mdk.gorlice.net.pl\/wp-content\/uploads\/2010\/11\/1041-300x258.jpg 300w, https:\/\/mdk.gorlice.net.pl\/wp-content\/uploads\/2010\/11\/1041.jpg 697w\" sizes=\"(max-width: 300px) 100vw, 300px\" \/><\/a><\/p>\n","protected":false},"excerpt":{"rendered":"<p>W 1995 r. miasto Gorlice hucznie obchodzi\u0142o 80-t\u0105 rocznic\u0119 s\u0142ynnego wydarzenia historycznego zwanego Bitw\u0105 pod Gorlicami. \u00d3wczesne w\u0142adze miasta zwr\u00f3ci\u0142y si\u0119 z apelem do plac\u00f3wek kultury, szk\u00f3\u0142 i instytucji o w\u0142\u0105czenie si\u0119 w obchody. Wsp\u00f3lnie z grup\u0105 m\u0142odzie\u017cy \u2013 Sobies\u0142aw Pawlikowski, Tomasz Kubala, Tomasz Budzioch, Anna Piecuch, Grzegorz Bochniak i.in. postanowili\u015bmy, korzystaj\u0105c z rocznicowej okazji, [&hellip;]<\/p>\n","protected":false},"author":2,"featured_media":0,"parent":274,"menu_order":775,"comment_status":"closed","ping_status":"open","template":"","meta":{"ngg_post_thumbnail":0},"_links":{"self":[{"href":"https:\/\/mdk.gorlice.net.pl\/index.php?rest_route=\/wp\/v2\/pages\/276"}],"collection":[{"href":"https:\/\/mdk.gorlice.net.pl\/index.php?rest_route=\/wp\/v2\/pages"}],"about":[{"href":"https:\/\/mdk.gorlice.net.pl\/index.php?rest_route=\/wp\/v2\/types\/page"}],"author":[{"embeddable":true,"href":"https:\/\/mdk.gorlice.net.pl\/index.php?rest_route=\/wp\/v2\/users\/2"}],"replies":[{"embeddable":true,"href":"https:\/\/mdk.gorlice.net.pl\/index.php?rest_route=%2Fwp%2Fv2%2Fcomments&post=276"}],"version-history":[{"count":9,"href":"https:\/\/mdk.gorlice.net.pl\/index.php?rest_route=\/wp\/v2\/pages\/276\/revisions"}],"predecessor-version":[{"id":2219,"href":"https:\/\/mdk.gorlice.net.pl\/index.php?rest_route=\/wp\/v2\/pages\/276\/revisions\/2219"}],"up":[{"embeddable":true,"href":"https:\/\/mdk.gorlice.net.pl\/index.php?rest_route=\/wp\/v2\/pages\/274"}],"wp:attachment":[{"href":"https:\/\/mdk.gorlice.net.pl\/index.php?rest_route=%2Fwp%2Fv2%2Fmedia&parent=276"}],"curies":[{"name":"wp","href":"https:\/\/api.w.org\/{rel}","templated":true}]}}