{"id":2846,"date":"2021-03-21T14:19:19","date_gmt":"2021-03-21T14:19:19","guid":{"rendered":"http:\/\/mdk.gorlice.net.pl\/?page_id=2846"},"modified":"2021-03-21T14:19:19","modified_gmt":"2021-03-21T14:19:19","slug":"deklaracja-dostepnosci","status":"publish","type":"page","link":"https:\/\/mdk.gorlice.net.pl\/?page_id=2846","title":{"rendered":"Deklaracja dost\u0119pno\u015bci"},"content":{"rendered":"<p>Deklaracja dost\u0119pno\u015bci M\u0142odzie\u017cowego Domu Kultury w Gorlicach<br \/>\nMDK w Gorlicach\u00a0zobowi\u0105zuje si\u0119 zapewni\u0107 dost\u0119pno\u015b\u0107 swojej strony internetowej zgodnie z przepisami ustawy z dnia 4\u00a0kwietnia 2019\u00a0r. o\u00a0dost\u0119pno\u015bci cyfrowej stron internetowych i\u00a0aplikacji mobilnych podmiot\u00f3w publicznych. O\u015bwiadczenie w sprawie dost\u0119pno\u015bci ma zastosowanie do strony internetowej\u00a0.<\/p>\n<p>Status pod wzgl\u0119dem zgodno\u015bci z ustaw\u0105<br \/>\nStrona internetowa jest\u00a0cz\u0119\u015bciowo zgodna\u00a0z\u00a0ustaw\u0105 o\u00a0dost\u0119pno\u015bci cyfrowej stron internetowych i\u00a0aplikacji mobilnych podmiot\u00f3w publicznych z\u00a0powodu niezgodno\u015bci lub wy\u0142\u0105cze\u0144 wymienionych poni\u017cej.<br \/>\nTre\u015bci niedost\u0119pne<br \/>\nMog\u0105 zdarzy\u0107 si\u0119 sytuacje, \u017ce pomimo stara\u0144 redaktor\u00f3w serwisu, pewne dokumenty opublikowane na stronie s\u0105 niedost\u0119pne z uwagi na fakt, \u017ce:<br \/>\npochodz\u0105 z r\u00f3\u017cnych \u017ar\u00f3de\u0142,<br \/>\ns\u0105 bardzo obszerne, a ich wytworzenie odbywa\u0142o si\u0119 w kilku kom\u00f3rkach organizacyjnych, co uniemo\u017cliwia\u0142o wp\u0142yw na ich docelow\u0105 tre\u015b\u0107 oraz kszta\u0142t,<br \/>\nniekt\u00f3re materia\u0142y graficzne (zdj\u0119cia, skany) nie maj\u0105 w pe\u0142ni dok\u0142adnych opis\u00f3w,<br \/>\nfilmy nie posiadaj\u0105 napis\u00f3w dla os\u00f3b nies\u0142ysz\u0105cych,<br \/>\nniekt\u00f3re materia\u0142y tekstowe nie maj\u0105 prawid\u0142owej hierarchii nag\u0142\u00f3wk\u00f3w,<br \/>\nmapy s\u0105 wy\u0142\u0105czone z obowi\u0105zku zapewniania dost\u0119pno\u015bci,<br \/>\ncz\u0119\u015b\u0107 plik\u00f3w zosta\u0142a opublikowana przed wej\u015bciem w \u017cycie ustawy o dost\u0119pno\u015bci cyfrowej,<br \/>\nszczeg\u00f3\u0142y techniczne s\u0105 dok\u0142adnie opisane w raporcie z wynikami przegl\u0105du (poni\u017cej).<br \/>\nDeklaracj\u0119 sporz\u0105dzono na podstawie samooceny.<\/p>\n<p>Informacje zwrotne i dane kontaktowe<br \/>\nZa rozpatrywanie uwag i wniosk\u00f3w odpowiada:\u00a0Tomasz Kubala.<br \/>\nE-mail:\u00a0tomasz.kubala@mdk.gorlice.net.pl<br \/>\nTelefon:\u00a0183535891<br \/>\nKa\u017cdy ma prawo:<br \/>\nzg\u0142osi\u0107 uwagi dotycz\u0105ce dost\u0119pno\u015bci cyfrowej strony lub jej elementu,<br \/>\nzg\u0142osi\u0107 \u017c\u0105danie zapewnienia dost\u0119pno\u015bci cyfrowej strony lub jej elementu,<br \/>\nwnioskowa\u0107 o udost\u0119pnienie niedost\u0119pnej informacji w innej alternatywnej formie.<br \/>\n\u017b\u0105danie musi zawiera\u0107:<br \/>\ndane kontaktowe osoby zg\u0142aszaj\u0105cej,<br \/>\nwskazanie strony lub elementu strony, kt\u00f3rej dotyczy \u017c\u0105danie,<br \/>\nwskazanie dogodnej formy udost\u0119pnienia informacji, je\u015bli \u017c\u0105danie dotyczy udost\u0119pnienia w formie alternatywnej informacji niedost\u0119pnej.<br \/>\nRozpatrzenie zg\u0142oszenia powinno nast\u0105pi\u0107 niezw\u0142ocznie, najp\u00f3\u017aniej w ci\u0105gu 7 dni. Je\u015bli w tym terminie zapewnienie dost\u0119pno\u015bci albo zapewnienie dost\u0119pu w alternatywnej formie nie jest mo\u017cliwe, powinno nast\u0105pi\u0107 najdalej w ci\u0105gu 2 miesi\u0119cy od daty zg\u0142oszenia.<br \/>\nW przypadku, gdy podmiot odm\u00f3wi realizacji \u017c\u0105dania zapewnienia dost\u0119pno\u015bci lub alternatywnego dost\u0119pu do informacji, mo\u017cna z\u0142o\u017cy\u0107 skarg\u0119 na takie dzia\u0142anie.<\/p>\n<p>Po wyczerpaniu wszystkich mo\u017cliwo\u015bci skarg\u0119 mo\u017cna przes\u0142a\u0107 tak\u017ce do\u00a0Rzecznika Praw Obywatelskich\u00a0. <\/p>\n<p>Dost\u0119pno\u015b\u0107 architektoniczna<\/p>\n<p>W budynku nie ma windy, do budynku i wszystkich jego pomieszcze\u0144 mo\u017cna wej\u015b\u0107 z psem asystuj\u0105cym i psem przewodnikiem, w budynku nie ma p\u0119tli indukcyjnych, nie ma oznacze\u0144 w alfabecie brajla lub w druku powi\u0119kszonym dla os\u00f3b niewidomych i s\u0142abo widz\u0105cych, biegi schod\u00f3w oznakowane s\u0105 kontrastowo.<br \/>\nWej\u015bcie nie jest dostosowane dla os\u00f3b niepe\u0142nosprawnych, na poziom parteru prowadz\u0105 schody.<br \/>\n\u00a0<br \/>\nInne informacje i o\u015bwiadczenia<br \/>\nDo\u0142o\u017cono wszelkich stara\u0144, aby wszystkie strony witryny by\u0142y zgodne z bie\u017c\u0105cymi standardami sieciowymi.<br \/>\n\u00a0<\/p>\n","protected":false},"excerpt":{"rendered":"<p>Deklaracja dost\u0119pno\u015bci M\u0142odzie\u017cowego Domu Kultury w Gorlicach MDK w Gorlicach\u00a0zobowi\u0105zuje si\u0119 zapewni\u0107 dost\u0119pno\u015b\u0107 swojej strony internetowej zgodnie z przepisami ustawy z dnia 4\u00a0kwietnia 2019\u00a0r. o\u00a0dost\u0119pno\u015bci cyfrowej stron internetowych i\u00a0aplikacji mobilnych podmiot\u00f3w publicznych. O\u015bwiadczenie w sprawie dost\u0119pno\u015bci ma zastosowanie do strony internetowej\u00a0. Status pod wzgl\u0119dem zgodno\u015bci z ustaw\u0105 Strona internetowa jest\u00a0cz\u0119\u015bciowo zgodna\u00a0z\u00a0ustaw\u0105 o\u00a0dost\u0119pno\u015bci cyfrowej stron internetowych [&hellip;]<\/p>\n","protected":false},"author":2,"featured_media":0,"parent":0,"menu_order":1113,"comment_status":"closed","ping_status":"closed","template":"","meta":{"ngg_post_thumbnail":0},"_links":{"self":[{"href":"https:\/\/mdk.gorlice.net.pl\/index.php?rest_route=\/wp\/v2\/pages\/2846"}],"collection":[{"href":"https:\/\/mdk.gorlice.net.pl\/index.php?rest_route=\/wp\/v2\/pages"}],"about":[{"href":"https:\/\/mdk.gorlice.net.pl\/index.php?rest_route=\/wp\/v2\/types\/page"}],"author":[{"embeddable":true,"href":"https:\/\/mdk.gorlice.net.pl\/index.php?rest_route=\/wp\/v2\/users\/2"}],"replies":[{"embeddable":true,"href":"https:\/\/mdk.gorlice.net.pl\/index.php?rest_route=%2Fwp%2Fv2%2Fcomments&post=2846"}],"version-history":[{"count":1,"href":"https:\/\/mdk.gorlice.net.pl\/index.php?rest_route=\/wp\/v2\/pages\/2846\/revisions"}],"predecessor-version":[{"id":2847,"href":"https:\/\/mdk.gorlice.net.pl\/index.php?rest_route=\/wp\/v2\/pages\/2846\/revisions\/2847"}],"wp:attachment":[{"href":"https:\/\/mdk.gorlice.net.pl\/index.php?rest_route=%2Fwp%2Fv2%2Fmedia&parent=2846"}],"curies":[{"name":"wp","href":"https:\/\/api.w.org\/{rel}","templated":true}]}}