{"id":303,"date":"2010-11-08T10:06:09","date_gmt":"2010-11-08T10:06:09","guid":{"rendered":"http:\/\/mdk.gorlice.net.pl\/?page_id=303"},"modified":"2010-11-12T07:30:42","modified_gmt":"2010-11-12T07:30:42","slug":"wojciech-haberek","status":"publish","type":"page","link":"https:\/\/mdk.gorlice.net.pl\/?page_id=303","title":{"rendered":"Wojciech Haberek"},"content":{"rendered":"<p>Wojciech Haberek<br \/>\nUko\u0144czy\u0142 Edukacj\u0119 Artystyczn\u0105 na Akademii Pedagogicznej w Krakowie.<br \/>\nOd 2002 roku prowadzi dzia\u0142alno\u015b\u0107 studyjn\u0105 oraz projektow\u0105. Od 2007 roku<br \/>\npracuje w MDK-u jako instruktor plastyki i prowadzi Ko\u0142o Plastyczne w Bieczu.<\/p>\n<p>W ramach upowszechniania kultury i sztuki oraz u\u0142atwiania m\u0142odzie\u017cy dost\u0119pu do mo\u017cliwo\u015bci rozwijania w\u0142asnych uzdolnie\u0144 i zainteresowa\u0144 uruchomiona zosta\u0142a 1 wrze\u015bnia 2007 roku dzia\u0142alno\u015b\u0107 ko\u0142a plastycznego w Bieczu.<\/p>\n<p>Funkcjonowanie ko\u0142a obejmuje istnienie trzech grup og\u00f3lno plastycznych skupiaj\u0105cych dzieci i m\u0142odzie\u017c ze szk\u00f3\u0142 podstawowych i gimnazj\u00f3w.<\/p>\n<p>I Grupa : kl. 1-3 S.P. ( uczestnik\u00f3w )<\/p>\n<p>II Grupa : kl. 4-6 S.P. oraz gimnazjum ( uczestnik\u00f3w )<\/p>\n<p>III Grupa : kl. 1-3 S.P. ( uczestnik\u00f3w )<\/p>\n<p>Dzia\u0142alno\u015b\u0107 programowa poszczeg\u00f3lnych grup ma na celu nie tylko rozpoznawanie i rozwijanie indywidualnych uzdolnie\u0144 i predyspozycji uczestnik\u00f3w, ale tak\u017ce zapoznanie z dost\u0119pnymi technikami z zakresu sztuk wizualnych takimi jak tradycyjne malarstwo, olejne, druk wypuk\u0142y czy nowoczesna grafika komputerowa.<br \/>\n<a href=\"https:\/\/mdk.gorlice.net.pl\/wp-content\/uploads\/2010\/11\/wh.jpg\" rel=\"lightbox[303]\"><img loading=\"lazy\" src=\"https:\/\/mdk.gorlice.net.pl\/wp-content\/uploads\/2010\/11\/wh.jpg\" alt=\"\" title=\"wh\" width=\"300\" height=\"225\" class=\"aligncenter size-full wp-image-469\" \/><\/a><br \/>\nZagadnienia tematyczne realizowane podczas zaj\u0119\u0107 formu\u0142owane s\u0105 cz\u0119sto w odniesieniu do mi\u0119dzynarodowych lub og\u00f3lnopolskich konkurs\u00f3w plastycznych co \u0142\u0105czy doskonale mo\u017cliwo\u015b\u0107 prezentacji obiekt\u00f3w z mo\u017cliwo\u015bci\u0105 ich konfrontacji.<\/p>\n<p>W Og\u00f3lnopolskim Konkursie Plastycznym \u201eWitaj Gwiazdko Z\u0142ota\u201d Magdalena Durlak z II klasy Szko\u0142y Podstawowej otrzyma\u0142a wyr\u00f3\u017cnienie.<\/p>\n<p>W Powiatowym Konkursie Plastycznym \u201eSzko\u0142a Moich Marze\u0144\u201d Natalia Witkowska i Klaudia Duda z III kl. S.P. oraz Gabriela \u015aliwa z VI kl. SP otrzyma\u0142y wyr\u00f3\u017cnienia.<\/p>\n<p>Wykonywane w czasie zaj\u0119\u0107 prace malarskie, graficzne i projektowe eksponowane s\u0105 cz\u0119sto na specjalnie przygotowywanych wystawach ukazuj\u0105cych spektrum dzia\u0142alno\u015bci<\/p>\n<p>grup, ich specyfik\u0119, podejmowane zagadnienia formalne i r\u00f3\u017cnorodno\u015b\u0107 powstaj\u0105cej ikonografii.<\/p>\n<p>Istnienie Ko\u0142a Plastycznego, jego edukacyjne cele oraz dydaktyczno-wychowawcze aspekty s\u0105 przedmiotem sta\u0142ej konsultacji z Dyrekcj\u0105 i pracownikami M\u0142odzie\u017cowego Domu Kultury w Gorlicach , a tak\u017ce z Dyrekcj\u0105 Zespo\u0142u Szk\u00f3\u0142 Nr 1 w Bieczu, na terenie<\/p>\n<p>kt\u00f3rego odbywaj\u0105 si\u0119 zaj\u0119cia.<\/p>\n","protected":false},"excerpt":{"rendered":"<p>Wojciech Haberek Uko\u0144czy\u0142 Edukacj\u0119 Artystyczn\u0105 na Akademii Pedagogicznej w Krakowie. Od 2002 roku prowadzi dzia\u0142alno\u015b\u0107 studyjn\u0105 oraz projektow\u0105. Od 2007 roku pracuje w MDK-u jako instruktor plastyki i prowadzi Ko\u0142o Plastyczne w Bieczu. W ramach upowszechniania kultury i sztuki oraz u\u0142atwiania m\u0142odzie\u017cy dost\u0119pu do mo\u017cliwo\u015bci rozwijania w\u0142asnych uzdolnie\u0144 i zainteresowa\u0144 uruchomiona zosta\u0142a 1 wrze\u015bnia 2007 [&hellip;]<\/p>\n","protected":false},"author":2,"featured_media":0,"parent":201,"menu_order":0,"comment_status":"closed","ping_status":"open","template":"","meta":{"ngg_post_thumbnail":0},"_links":{"self":[{"href":"https:\/\/mdk.gorlice.net.pl\/index.php?rest_route=\/wp\/v2\/pages\/303"}],"collection":[{"href":"https:\/\/mdk.gorlice.net.pl\/index.php?rest_route=\/wp\/v2\/pages"}],"about":[{"href":"https:\/\/mdk.gorlice.net.pl\/index.php?rest_route=\/wp\/v2\/types\/page"}],"author":[{"embeddable":true,"href":"https:\/\/mdk.gorlice.net.pl\/index.php?rest_route=\/wp\/v2\/users\/2"}],"replies":[{"embeddable":true,"href":"https:\/\/mdk.gorlice.net.pl\/index.php?rest_route=%2Fwp%2Fv2%2Fcomments&post=303"}],"version-history":[{"count":5,"href":"https:\/\/mdk.gorlice.net.pl\/index.php?rest_route=\/wp\/v2\/pages\/303\/revisions"}],"predecessor-version":[{"id":472,"href":"https:\/\/mdk.gorlice.net.pl\/index.php?rest_route=\/wp\/v2\/pages\/303\/revisions\/472"}],"up":[{"embeddable":true,"href":"https:\/\/mdk.gorlice.net.pl\/index.php?rest_route=\/wp\/v2\/pages\/201"}],"wp:attachment":[{"href":"https:\/\/mdk.gorlice.net.pl\/index.php?rest_route=%2Fwp%2Fv2%2Fmedia&parent=303"}],"curies":[{"name":"wp","href":"https:\/\/api.w.org\/{rel}","templated":true}]}}