{"id":314,"date":"2010-11-08T10:12:49","date_gmt":"2010-11-08T10:12:49","guid":{"rendered":"http:\/\/mdk.gorlice.net.pl\/?page_id=314"},"modified":"2010-11-08T10:12:49","modified_gmt":"2010-11-08T10:12:49","slug":"agata-masztafiak","status":"publish","type":"page","link":"https:\/\/mdk.gorlice.net.pl\/?page_id=314","title":{"rendered":"Agata Masztafiak"},"content":{"rendered":"<p>Absolwentka Pa\u0144stwowego Liceum Muzycznego im. F. Chopina w Krakowie 1993-1997r. a nast\u0119pnie Akademii \u015awi\u0119tokrzyskiej w Kielcach, na kieruneku Edukacja Artystyczna w zakresie sztuki muzycznej 1997-2002r. oraz Uniwersytetu Rzeszowskiego na Wydziale Pedagogiczno \u2013 Artystycznym \u2013 Studi\u00f3w Podyplomowych w zakresie wiedzy o kulturze 2007r.<br \/>\nW M\u0142odzie\u017cowym Domu Kultury prowadzi zaj\u0119cia muzyczne ukierunkowane na<br \/>\nrozw\u00f3j zainteresowa\u0144 i uzdolnie\u0144 m\u0142odych wokalist\u00f3w i instrumentalist\u00f3w. Od<br \/>\n11 lat prowadzi zaj\u0119cia gry na instrumentach klawiszowych (keyboard, fortepian) oraz nauk\u0119 gry na flecie poprzecznym, prowadz\u0119 r\u00f3wnie\u017c zespo\u0142y wokalne i wokalno- instrumentalne.<\/p>\n<p>Zaj\u0119cia muzyczne przebiegaj\u0105 wed\u0142ug planu pracy uwzgl\u0119dniaj\u0105cego mo\u017cliwo\u015bci,<br \/>\nuzdolnienia i wiek uczestnik\u00f3w, oraz potrzeby \u015brodowiska lokalnego.<\/p>\n<p>G\u0142\u00f3wne cele zaj\u0119\u0107 to:<\/p>\n<p>-rozwijanie uzdolnie\u0144 i wra\u017cliwo\u015bci na muzyk\u0119,<\/p>\n<p>-kszta\u0142towanie zainteresowa\u0144 i upodoba\u0144 muzycznych,<\/p>\n<p>-wzbogacenie wiedzy z zakresu kultury muzycznej,<\/p>\n<p>-kszta\u0142cenie i rozwijanie umiej\u0119tno\u015bci muzycznych takich jak : \u015bpiew, gra na instrumentach, dzia\u0142ania tw\u00f3rcze,<\/p>\n<p>-rozbudzanie zami\u0142owania do muzykowania indywidualnego i zespo\u0142owego,<\/p>\n<p>-poznawanie muzyki i tradycji muzycznych w\u0142asnego regionu, dorobku polskiej kultury muzycznej<\/p>\n","protected":false},"excerpt":{"rendered":"<p>Absolwentka Pa\u0144stwowego Liceum Muzycznego im. F. Chopina w Krakowie 1993-1997r. a nast\u0119pnie Akademii \u015awi\u0119tokrzyskiej w Kielcach, na kieruneku Edukacja Artystyczna w zakresie sztuki muzycznej 1997-2002r. oraz Uniwersytetu Rzeszowskiego na Wydziale Pedagogiczno \u2013 Artystycznym \u2013 Studi\u00f3w Podyplomowych w zakresie wiedzy o kulturze 2007r. W M\u0142odzie\u017cowym Domu Kultury prowadzi zaj\u0119cia muzyczne ukierunkowane na rozw\u00f3j zainteresowa\u0144 i uzdolnie\u0144 [&hellip;]<\/p>\n","protected":false},"author":2,"featured_media":0,"parent":203,"menu_order":0,"comment_status":"closed","ping_status":"open","template":"","meta":{"ngg_post_thumbnail":0},"_links":{"self":[{"href":"https:\/\/mdk.gorlice.net.pl\/index.php?rest_route=\/wp\/v2\/pages\/314"}],"collection":[{"href":"https:\/\/mdk.gorlice.net.pl\/index.php?rest_route=\/wp\/v2\/pages"}],"about":[{"href":"https:\/\/mdk.gorlice.net.pl\/index.php?rest_route=\/wp\/v2\/types\/page"}],"author":[{"embeddable":true,"href":"https:\/\/mdk.gorlice.net.pl\/index.php?rest_route=\/wp\/v2\/users\/2"}],"replies":[{"embeddable":true,"href":"https:\/\/mdk.gorlice.net.pl\/index.php?rest_route=%2Fwp%2Fv2%2Fcomments&post=314"}],"version-history":[{"count":1,"href":"https:\/\/mdk.gorlice.net.pl\/index.php?rest_route=\/wp\/v2\/pages\/314\/revisions"}],"predecessor-version":[{"id":315,"href":"https:\/\/mdk.gorlice.net.pl\/index.php?rest_route=\/wp\/v2\/pages\/314\/revisions\/315"}],"up":[{"embeddable":true,"href":"https:\/\/mdk.gorlice.net.pl\/index.php?rest_route=\/wp\/v2\/pages\/203"}],"wp:attachment":[{"href":"https:\/\/mdk.gorlice.net.pl\/index.php?rest_route=%2Fwp%2Fv2%2Fmedia&parent=314"}],"curies":[{"name":"wp","href":"https:\/\/api.w.org\/{rel}","templated":true}]}}