{"id":326,"date":"2010-11-08T10:18:12","date_gmt":"2010-11-08T10:18:12","guid":{"rendered":"http:\/\/mdk.gorlice.net.pl\/?page_id=326"},"modified":"2010-11-10T09:05:30","modified_gmt":"2010-11-10T09:05:30","slug":"tomasz-kubala","status":"publish","type":"page","link":"https:\/\/mdk.gorlice.net.pl\/?page_id=326","title":{"rendered":"Tomasz Kubala"},"content":{"rendered":"<p>Uko\u0144czy\u0142 studia magisterskie z pedagogiki opiek.-wych. Z fakultetem wychowanie muzyczne, Kurs Kwalifikacyjny Sztuka Instruktor muzyki w MDK. Gitarzysta, kompozytor, cz\u0142onek zespo\u0142u Ostatnia Wieczerza w Karczmie Przeznaczonej do Rozbi\u00f3rki. Obecnie dyrektor MDK. Zajmuje si\u0119 w MDK grupami gitarowymi i studiem wokalnym.<\/p>\n<p>Ko\u0142o gitarowe<\/p>\n<p><a href=\"https:\/\/mdk.gorlice.net.pl\/wp-content\/uploads\/2010\/11\/dyrektor.jpg\" rel=\"lightbox[326]\"><img loading=\"lazy\" src=\"https:\/\/mdk.gorlice.net.pl\/wp-content\/uploads\/2010\/11\/dyrektor.jpg\" alt=\"\" title=\"dyrektor\" width=\"300\" height=\"199\" class=\"aligncenter size-full wp-image-351\" \/><\/a><br \/>\nW M\u0142odzie\u017cowym Domu Kultury od pocz\u0105tku jego istnienia dzia\u0142aj\u0105 ko\u0142a nauki gry na gitarze. Prekursorem tej formy dzia\u0142alno\u015bci by\u0142 Bogus\u0142aw Diduch \u2013 gorlicki bard, za\u0142o\u017cyciel legendarnego zespo\u0142u \u201eOstatnia Wieczerza w Karczmie Przeznaczonej do Rozbi\u00f3rki\u201d. Obecnie dzia\u0142alno\u015b\u0107 t\u0105 kontynuuje obecny dyrektor MDK Tomasz Kubala.<\/p>\n<p>G\u0142\u00f3wnym celem dzia\u0142alno\u015bci tych k\u00f3\u0142 jest nauczanie gry na gitarze. Nauka opiera si\u0119 na programach autorskich instruktor\u00f3w prowadz\u0105cych. Nauczamy gry akompaniatorskiej, czyli opartej na akordach. Celem naszym jest nauka grania piosenek (g\u0142\u00f3wnie polskich).<\/p>\n<p>Staramy si\u0119 wybiera\u0107 ambitny repertuar z nurtu tzw. piosenki literackiej. Jednak nie stronimy od przeboj\u00f3w, kt\u00f3re wszyscy znaj\u0105 tj. Autobiografia, Whisky czy wsp\u00f3\u0142czesne: Jak anio\u0142a g\u0142os, Sprzedawcy marze\u0144.<\/p>\n<p>Nauka trwa 3 lata, podzielona jest na 3 cz\u0119\u015bci i odbywa si\u0119 w 3 grupach: pocz\u0105tkowa, \u015brednio zaawansowana i zaawansowana. Wychowankowie po ka\u017cdym roku otrzymuj\u0105 dyplom za uczestnictwo w zaj\u0119ciach.<\/p>\n<p>Uczestnicy zaj\u0119\u0107 wyst\u0119puj\u0105 na corocznym Koncercie Kol\u0119d i na prezentacji na zako\u0144czenie roku szkolnego. Bardzo wielu naszych wychowank\u00f3w bierze udzia\u0142 jako akompaniatorzy w uroczysto\u015bciach szkolnych w swoich macierzystych szko\u0142ach. Ogromna ilo\u015b\u0107 dzieci i m\u0142odzie\u017cy uczestnicz\u0105ca w zaj\u0119ciach \u015bwiadczy o bardzo du\u017cym zainteresowaniu nasz\u0105 ofert\u0105.<\/p>\n","protected":false},"excerpt":{"rendered":"<p>Uko\u0144czy\u0142 studia magisterskie z pedagogiki opiek.-wych. Z fakultetem wychowanie muzyczne, Kurs Kwalifikacyjny Sztuka Instruktor muzyki w MDK. Gitarzysta, kompozytor, cz\u0142onek zespo\u0142u Ostatnia Wieczerza w Karczmie Przeznaczonej do Rozbi\u00f3rki. Obecnie dyrektor MDK. Zajmuje si\u0119 w MDK grupami gitarowymi i studiem wokalnym. Ko\u0142o gitarowe W M\u0142odzie\u017cowym Domu Kultury od pocz\u0105tku jego istnienia dzia\u0142aj\u0105 ko\u0142a nauki gry na [&hellip;]<\/p>\n","protected":false},"author":2,"featured_media":0,"parent":203,"menu_order":0,"comment_status":"closed","ping_status":"open","template":"","meta":{"ngg_post_thumbnail":0},"_links":{"self":[{"href":"https:\/\/mdk.gorlice.net.pl\/index.php?rest_route=\/wp\/v2\/pages\/326"}],"collection":[{"href":"https:\/\/mdk.gorlice.net.pl\/index.php?rest_route=\/wp\/v2\/pages"}],"about":[{"href":"https:\/\/mdk.gorlice.net.pl\/index.php?rest_route=\/wp\/v2\/types\/page"}],"author":[{"embeddable":true,"href":"https:\/\/mdk.gorlice.net.pl\/index.php?rest_route=\/wp\/v2\/users\/2"}],"replies":[{"embeddable":true,"href":"https:\/\/mdk.gorlice.net.pl\/index.php?rest_route=%2Fwp%2Fv2%2Fcomments&post=326"}],"version-history":[{"count":5,"href":"https:\/\/mdk.gorlice.net.pl\/index.php?rest_route=\/wp\/v2\/pages\/326\/revisions"}],"predecessor-version":[{"id":350,"href":"https:\/\/mdk.gorlice.net.pl\/index.php?rest_route=\/wp\/v2\/pages\/326\/revisions\/350"}],"up":[{"embeddable":true,"href":"https:\/\/mdk.gorlice.net.pl\/index.php?rest_route=\/wp\/v2\/pages\/203"}],"wp:attachment":[{"href":"https:\/\/mdk.gorlice.net.pl\/index.php?rest_route=%2Fwp%2Fv2%2Fmedia&parent=326"}],"curies":[{"name":"wp","href":"https:\/\/api.w.org\/{rel}","templated":true}]}}