{"id":328,"date":"2010-11-08T10:19:34","date_gmt":"2010-11-08T10:19:34","guid":{"rendered":"http:\/\/mdk.gorlice.net.pl\/?page_id=328"},"modified":"2010-11-12T07:41:22","modified_gmt":"2010-11-12T07:41:22","slug":"monika-wacek","status":"publish","type":"page","link":"https:\/\/mdk.gorlice.net.pl\/?page_id=328","title":{"rendered":"Monika Wacek"},"content":{"rendered":"<p>Uko\u0144czy\u0142a studia Wy\u017cszej Szko\u0142y Pedagogicznej w Zielonej G\u00f3rze, na kierunku pedagogika w zakresie animacji spo\u0142eczno-kulturalnej \u2013 choreografia ta\u0144ca. Obecnie kontynuuje rozw\u00f3j swojej pasji konsekwentnie ucz\u0119szczaj\u0105c na szkolenia i warsztaty u zagranicznych i polskich trener\u00f3w (choreografia programu: YOU CAN DANCE \u2013 PO PROSTU TA\u0143CZ) m.in. Anthony Kaye (Anglia), Kelechi Onyelle (Niemcy), Gabriel Francisco (USA), Moncell Duran (USA), JAY (Niemcy), Piotr Jagielski, Kimberley Taylor (Anglia), Lee Daniels (USA), Justyna Lichacy, Tonny Touch (USA), Filip Czeszyk i inni. Posiada certyfikaty Dance Selections Academy, Egurrola Dance Studio i wiele innych. Style jakie preferuje to hip-hop (NEW STYLE) we wszystkich jego odmianach.<br \/>\n<a href=\"https:\/\/mdk.gorlice.net.pl\/wp-content\/uploads\/2010\/11\/mwac1.jpg\" rel=\"lightbox[328]\"><img loading=\"lazy\" src=\"https:\/\/mdk.gorlice.net.pl\/wp-content\/uploads\/2010\/11\/mwac1.jpg\" alt=\"\" title=\"mwac1\" width=\"300\" height=\"199\" class=\"aligncenter size-full wp-image-481\" \/><\/a><\/p>\n","protected":false},"excerpt":{"rendered":"<p>Uko\u0144czy\u0142a studia Wy\u017cszej Szko\u0142y Pedagogicznej w Zielonej G\u00f3rze, na kierunku pedagogika w zakresie animacji spo\u0142eczno-kulturalnej \u2013 choreografia ta\u0144ca. Obecnie kontynuuje rozw\u00f3j swojej pasji konsekwentnie ucz\u0119szczaj\u0105c na szkolenia i warsztaty u zagranicznych i polskich trener\u00f3w (choreografia programu: YOU CAN DANCE \u2013 PO PROSTU TA\u0143CZ) m.in. Anthony Kaye (Anglia), Kelechi Onyelle (Niemcy), Gabriel Francisco (USA), Moncell Duran [&hellip;]<\/p>\n","protected":false},"author":2,"featured_media":0,"parent":265,"menu_order":0,"comment_status":"closed","ping_status":"open","template":"","meta":{"ngg_post_thumbnail":0},"_links":{"self":[{"href":"https:\/\/mdk.gorlice.net.pl\/index.php?rest_route=\/wp\/v2\/pages\/328"}],"collection":[{"href":"https:\/\/mdk.gorlice.net.pl\/index.php?rest_route=\/wp\/v2\/pages"}],"about":[{"href":"https:\/\/mdk.gorlice.net.pl\/index.php?rest_route=\/wp\/v2\/types\/page"}],"author":[{"embeddable":true,"href":"https:\/\/mdk.gorlice.net.pl\/index.php?rest_route=\/wp\/v2\/users\/2"}],"replies":[{"embeddable":true,"href":"https:\/\/mdk.gorlice.net.pl\/index.php?rest_route=%2Fwp%2Fv2%2Fcomments&post=328"}],"version-history":[{"count":5,"href":"https:\/\/mdk.gorlice.net.pl\/index.php?rest_route=\/wp\/v2\/pages\/328\/revisions"}],"predecessor-version":[{"id":485,"href":"https:\/\/mdk.gorlice.net.pl\/index.php?rest_route=\/wp\/v2\/pages\/328\/revisions\/485"}],"up":[{"embeddable":true,"href":"https:\/\/mdk.gorlice.net.pl\/index.php?rest_route=\/wp\/v2\/pages\/265"}],"wp:attachment":[{"href":"https:\/\/mdk.gorlice.net.pl\/index.php?rest_route=%2Fwp%2Fv2%2Fmedia&parent=328"}],"curies":[{"name":"wp","href":"https:\/\/api.w.org\/{rel}","templated":true}]}}