{"id":330,"date":"2010-11-08T10:20:49","date_gmt":"2010-11-08T10:20:49","guid":{"rendered":"http:\/\/mdk.gorlice.net.pl\/?page_id=330"},"modified":"2010-11-10T11:01:47","modified_gmt":"2010-11-10T11:01:47","slug":"renatra-gawlak-spyra","status":"publish","type":"page","link":"https:\/\/mdk.gorlice.net.pl\/?page_id=330","title":{"rendered":"Renata Gawlak-Spyra"},"content":{"rendered":"<p>Absolwentka Pa\u0144stwowego Studium Kulturalno \u2013 O\u015bwiatowego i Bibliotekarskiego w Kro\u015bnie \u2013 specjalno\u015b\u0107 taniec. Absolwentka Wy\u017cszej Szko\u0142y Spo\u0142eczno \u2013 Ekonomicznej w Warszawie. Na Akademii Wychowania Fizycznego w Krakowie uko\u0144czy\u0142a studia podyplomowe na kierunku \u201e Artystyczna Kreacja Ta\u0144ca i Ruchu I i II stopnia \u201d<\/p>\n<p>Pomys\u0142odawca i organizator imprezy powiatowej \u2013 Przegl\u0105d Szkolnych Zespo\u0142\u00f3w Tanecznych \u2013 \u201e Rado\u015b\u0107 Dzieciom \u201d .Od 1989 roku nauczyciel \u2013 instruktor ta\u0144ca MDK.<\/p>\n<p>W roku szkolnym 2004 \u2013 2005 za\u0142o\u017cy\u0142a w\u0142asn\u0105 stron\u0119 internetow\u0105 pod adresem :<\/p>\n<p>https:\/\/free.art.pl\/taniec. Publikuje tam referaty, informacje na temat zaj\u0119\u0107 tanecznych, historii i pochodzenia ta\u0144c\u00f3w, materia\u0142y do wykorzystania w pracy instruktora ta\u0144ca.<\/p>\n<p>W ramach podwy\u017cszenia umiej\u0119tno\u015bci, zdolno\u015bci i wra\u017cliwo\u015bci artystycznej wychowank\u00f3w przygotowuje ich do udzia\u0142u w przegl\u0105dach i festiwalach oraz innych imprezach kulturalno \u2013 o\u015bwiatowych na szczeblu powiatowym i wojew\u00f3dzkim i w zwi\u0105zku z tym osi\u0105gn\u0119\u0142a niejednokrotnie sukces.<\/p>\n","protected":false},"excerpt":{"rendered":"<p>Absolwentka Pa\u0144stwowego Studium Kulturalno \u2013 O\u015bwiatowego i Bibliotekarskiego w Kro\u015bnie \u2013 specjalno\u015b\u0107 taniec. Absolwentka Wy\u017cszej Szko\u0142y Spo\u0142eczno \u2013 Ekonomicznej w Warszawie. Na Akademii Wychowania Fizycznego w Krakowie uko\u0144czy\u0142a studia podyplomowe na kierunku \u201e Artystyczna Kreacja Ta\u0144ca i Ruchu I i II stopnia \u201d Pomys\u0142odawca i organizator imprezy powiatowej \u2013 Przegl\u0105d Szkolnych Zespo\u0142\u00f3w Tanecznych \u2013 \u201e [&hellip;]<\/p>\n","protected":false},"author":2,"featured_media":0,"parent":265,"menu_order":0,"comment_status":"closed","ping_status":"open","template":"","meta":{"ngg_post_thumbnail":0},"_links":{"self":[{"href":"https:\/\/mdk.gorlice.net.pl\/index.php?rest_route=\/wp\/v2\/pages\/330"}],"collection":[{"href":"https:\/\/mdk.gorlice.net.pl\/index.php?rest_route=\/wp\/v2\/pages"}],"about":[{"href":"https:\/\/mdk.gorlice.net.pl\/index.php?rest_route=\/wp\/v2\/types\/page"}],"author":[{"embeddable":true,"href":"https:\/\/mdk.gorlice.net.pl\/index.php?rest_route=\/wp\/v2\/users\/2"}],"replies":[{"embeddable":true,"href":"https:\/\/mdk.gorlice.net.pl\/index.php?rest_route=%2Fwp%2Fv2%2Fcomments&post=330"}],"version-history":[{"count":5,"href":"https:\/\/mdk.gorlice.net.pl\/index.php?rest_route=\/wp\/v2\/pages\/330\/revisions"}],"predecessor-version":[{"id":443,"href":"https:\/\/mdk.gorlice.net.pl\/index.php?rest_route=\/wp\/v2\/pages\/330\/revisions\/443"}],"up":[{"embeddable":true,"href":"https:\/\/mdk.gorlice.net.pl\/index.php?rest_route=\/wp\/v2\/pages\/265"}],"wp:attachment":[{"href":"https:\/\/mdk.gorlice.net.pl\/index.php?rest_route=%2Fwp%2Fv2%2Fmedia&parent=330"}],"curies":[{"name":"wp","href":"https:\/\/api.w.org\/{rel}","templated":true}]}}