{"id":334,"date":"2010-11-08T10:22:03","date_gmt":"2010-11-08T10:22:03","guid":{"rendered":"http:\/\/mdk.gorlice.net.pl\/?page_id=334"},"modified":"2010-11-09T10:52:13","modified_gmt":"2010-11-09T10:52:13","slug":"dominika-kubala","status":"publish","type":"page","link":"https:\/\/mdk.gorlice.net.pl\/?page_id=334","title":{"rendered":"Dominika Jod\u0142owska-Kubala"},"content":{"rendered":"<p>Absolwentka pedagogiki kulturalno-o\u015bwiatowej Uniwersytetu Jagielo\u0144skiego w Krakowie oraz studi\u00f3w podyplomowych z zakresu pedagogiki opieku\u0144czo-wychowawczej w Akademii Pedagogicznej w Krakowie. Instruktor teatralny oraz prowadz\u0105cy M\u0142odzie\u017cowy Klub Filmowy.<br \/>\nW MDK w Gorlicach dzia\u0142aj\u0105 dwie grupy teatralno-recytatorskie-grupa pocz\u0105tkuj\u0105ca, kt\u00f3rej uczestnikami jest m\u0142odzie\u017c gimnazjalna oraz grupa zaawansowana skupiaj\u0105ca m\u0142odzie\u017c szk\u00f3\u0142 ponad gimnazjalnych. Grupa zaawansowana od 2008 roku nosi nazw\u0119 &#8220;Teatr Wygwizdanego Aktora&#8221;. W ramach zaj\u0119\u0107 m\u0142odzie\u017c poznaje podstawy warsztatu aktorskiego oraz ma mo\u017cliwo\u015b\u0107 wsp\u00f3\u0142tworzenia teatru amatorskiego. Tematyka zaj\u0119\u0107 obejmuje zagadnienia z zakresu:<br \/>\n&#8211; dykcji i emisji g\u0142osu<br \/>\n&#8211; elementarnych zada\u0144 aktorskich<br \/>\n&#8211; rozwijania wyobra\u017ani na scenie<br \/>\n&#8211; ruchu scenicznego<br \/>\n&#8211; pracy z tekstem literackim<br \/>\nM\u0142odzie\u017c uczestnicz\u0105ca w dzia\u0142alno\u015bci grup teatralno-recytatorskich ma mo\u017cliwo\u015b\u0107 rozwijania swoich zainteresowa\u0144 poprzez czynne uczestnictwo w konkursach recytatorskich, przegl\u0105dach teatralnych oraz wsp\u00f3\u0142tworz\u0105c w\u0142asne spektakle teatralne.<\/p>\n","protected":false},"excerpt":{"rendered":"<p>Absolwentka pedagogiki kulturalno-o\u015bwiatowej Uniwersytetu Jagielo\u0144skiego w Krakowie oraz studi\u00f3w podyplomowych z zakresu pedagogiki opieku\u0144czo-wychowawczej w Akademii Pedagogicznej w Krakowie. Instruktor teatralny oraz prowadz\u0105cy M\u0142odzie\u017cowy Klub Filmowy. W MDK w Gorlicach dzia\u0142aj\u0105 dwie grupy teatralno-recytatorskie-grupa pocz\u0105tkuj\u0105ca, kt\u00f3rej uczestnikami jest m\u0142odzie\u017c gimnazjalna oraz grupa zaawansowana skupiaj\u0105ca m\u0142odzie\u017c szk\u00f3\u0142 ponad gimnazjalnych. Grupa zaawansowana od 2008 roku nosi nazw\u0119 [&hellip;]<\/p>\n","protected":false},"author":2,"featured_media":0,"parent":263,"menu_order":0,"comment_status":"closed","ping_status":"open","template":"","meta":{"ngg_post_thumbnail":0},"_links":{"self":[{"href":"https:\/\/mdk.gorlice.net.pl\/index.php?rest_route=\/wp\/v2\/pages\/334"}],"collection":[{"href":"https:\/\/mdk.gorlice.net.pl\/index.php?rest_route=\/wp\/v2\/pages"}],"about":[{"href":"https:\/\/mdk.gorlice.net.pl\/index.php?rest_route=\/wp\/v2\/types\/page"}],"author":[{"embeddable":true,"href":"https:\/\/mdk.gorlice.net.pl\/index.php?rest_route=\/wp\/v2\/users\/2"}],"replies":[{"embeddable":true,"href":"https:\/\/mdk.gorlice.net.pl\/index.php?rest_route=%2Fwp%2Fv2%2Fcomments&post=334"}],"version-history":[{"count":4,"href":"https:\/\/mdk.gorlice.net.pl\/index.php?rest_route=\/wp\/v2\/pages\/334\/revisions"}],"predecessor-version":[{"id":393,"href":"https:\/\/mdk.gorlice.net.pl\/index.php?rest_route=\/wp\/v2\/pages\/334\/revisions\/393"}],"up":[{"embeddable":true,"href":"https:\/\/mdk.gorlice.net.pl\/index.php?rest_route=\/wp\/v2\/pages\/263"}],"wp:attachment":[{"href":"https:\/\/mdk.gorlice.net.pl\/index.php?rest_route=%2Fwp%2Fv2%2Fmedia&parent=334"}],"curies":[{"name":"wp","href":"https:\/\/api.w.org\/{rel}","templated":true}]}}