{"id":340,"date":"2010-11-08T10:28:06","date_gmt":"2010-11-08T10:28:06","guid":{"rendered":"http:\/\/mdk.gorlice.net.pl\/?page_id=340"},"modified":"2019-09-25T09:52:58","modified_gmt":"2019-09-25T09:52:58","slug":"konkurs-piosenki-roznej","status":"publish","type":"page","link":"https:\/\/mdk.gorlice.net.pl\/?page_id=340","title":{"rendered":"Powiatowy Konkurs Piosenki R\u00f3\u017cnej"},"content":{"rendered":"<p>Celem konkursu jest promowanie talent\u00f3w dzieci i m\u0142odzie\u017cy z powiatu gorlickiego, popularyzacja \u015bpiewu a tak\u017ce tw\u00f3rcza wymiana do\u015bwiadcze\u0144 muzycznych w\u015br\u00f3d wykonawc\u00f3w oraz ich opiekun\u00f3w.<\/p>\n","protected":false},"excerpt":{"rendered":"<p>Celem konkursu jest promowanie talent\u00f3w dzieci i m\u0142odzie\u017cy z powiatu gorlickiego, popularyzacja \u015bpiewu a tak\u017ce tw\u00f3rcza wymiana do\u015bwiadcze\u0144 muzycznych w\u015br\u00f3d wykonawc\u00f3w oraz ich opiekun\u00f3w.<\/p>\n","protected":false},"author":2,"featured_media":0,"parent":274,"menu_order":191,"comment_status":"closed","ping_status":"open","template":"","meta":{"ngg_post_thumbnail":0},"_links":{"self":[{"href":"https:\/\/mdk.gorlice.net.pl\/index.php?rest_route=\/wp\/v2\/pages\/340"}],"collection":[{"href":"https:\/\/mdk.gorlice.net.pl\/index.php?rest_route=\/wp\/v2\/pages"}],"about":[{"href":"https:\/\/mdk.gorlice.net.pl\/index.php?rest_route=\/wp\/v2\/types\/page"}],"author":[{"embeddable":true,"href":"https:\/\/mdk.gorlice.net.pl\/index.php?rest_route=\/wp\/v2\/users\/2"}],"replies":[{"embeddable":true,"href":"https:\/\/mdk.gorlice.net.pl\/index.php?rest_route=%2Fwp%2Fv2%2Fcomments&post=340"}],"version-history":[{"count":13,"href":"https:\/\/mdk.gorlice.net.pl\/index.php?rest_route=\/wp\/v2\/pages\/340\/revisions"}],"predecessor-version":[{"id":2634,"href":"https:\/\/mdk.gorlice.net.pl\/index.php?rest_route=\/wp\/v2\/pages\/340\/revisions\/2634"}],"up":[{"embeddable":true,"href":"https:\/\/mdk.gorlice.net.pl\/index.php?rest_route=\/wp\/v2\/pages\/274"}],"wp:attachment":[{"href":"https:\/\/mdk.gorlice.net.pl\/index.php?rest_route=%2Fwp%2Fv2%2Fmedia&parent=340"}],"curies":[{"name":"wp","href":"https:\/\/api.w.org\/{rel}","templated":true}]}}