{"id":344,"date":"2010-11-08T10:31:16","date_gmt":"2010-11-08T10:31:16","guid":{"rendered":"http:\/\/mdk.gorlice.net.pl\/?page_id=344"},"modified":"2010-11-08T13:42:39","modified_gmt":"2010-11-08T13:42:39","slug":"walentynki","status":"publish","type":"page","link":"https:\/\/mdk.gorlice.net.pl\/?page_id=344","title":{"rendered":"Walentynki"},"content":{"rendered":"<p>Walentynki Muzyczne<\/p>\n<p>Po raz pierwszy w Gorlicach odby\u0142y si\u0119 one z inicjatywy Agaty Kaczmarczyk w sali Gorlickiego LO im. M. Kromera. Szybko idea ta zyska\u0142a akceptacj\u0119 \u00f3wczesnego dyrektora OPP Bogus\u0142awa Diducha i nasza plac\u00f3wka sta\u0142a si\u0119 organizatorem tego bardzo popularnego w\u015br\u00f3d m\u0142odzie\u017cy koncertu. W organizacj\u0119 imprezy w\u0142\u0105czy\u0142a si\u0119 r\u00f3wnie\u017c m\u0142odzie\u017c dzia\u0142aj\u0105ca w innych ko\u0142ach, teatralno -recytatorskim oraz tanecznym. &#8220;Walentynki muzyczne&#8221; to jedno z najcenniejszych wydarze\u0144 artystycznych w naszym mie\u015bcie przyci\u0105gaj\u0105ce co roku bardzo liczn\u0105 rzesz\u0119 widz\u00f3w.<\/p>\n","protected":false},"excerpt":{"rendered":"<p>Walentynki Muzyczne Po raz pierwszy w Gorlicach odby\u0142y si\u0119 one z inicjatywy Agaty Kaczmarczyk w sali Gorlickiego LO im. M. Kromera. Szybko idea ta zyska\u0142a akceptacj\u0119 \u00f3wczesnego dyrektora OPP Bogus\u0142awa Diducha i nasza plac\u00f3wka sta\u0142a si\u0119 organizatorem tego bardzo popularnego w\u015br\u00f3d m\u0142odzie\u017cy koncertu. W organizacj\u0119 imprezy w\u0142\u0105czy\u0142a si\u0119 r\u00f3wnie\u017c m\u0142odzie\u017c dzia\u0142aj\u0105ca w innych ko\u0142ach, teatralno [&hellip;]<\/p>\n","protected":false},"author":2,"featured_media":0,"parent":342,"menu_order":0,"comment_status":"closed","ping_status":"open","template":"","meta":{"ngg_post_thumbnail":0},"_links":{"self":[{"href":"https:\/\/mdk.gorlice.net.pl\/index.php?rest_route=\/wp\/v2\/pages\/344"}],"collection":[{"href":"https:\/\/mdk.gorlice.net.pl\/index.php?rest_route=\/wp\/v2\/pages"}],"about":[{"href":"https:\/\/mdk.gorlice.net.pl\/index.php?rest_route=\/wp\/v2\/types\/page"}],"author":[{"embeddable":true,"href":"https:\/\/mdk.gorlice.net.pl\/index.php?rest_route=\/wp\/v2\/users\/2"}],"replies":[{"embeddable":true,"href":"https:\/\/mdk.gorlice.net.pl\/index.php?rest_route=%2Fwp%2Fv2%2Fcomments&post=344"}],"version-history":[{"count":4,"href":"https:\/\/mdk.gorlice.net.pl\/index.php?rest_route=\/wp\/v2\/pages\/344\/revisions"}],"predecessor-version":[{"id":372,"href":"https:\/\/mdk.gorlice.net.pl\/index.php?rest_route=\/wp\/v2\/pages\/344\/revisions\/372"}],"up":[{"embeddable":true,"href":"https:\/\/mdk.gorlice.net.pl\/index.php?rest_route=\/wp\/v2\/pages\/342"}],"wp:attachment":[{"href":"https:\/\/mdk.gorlice.net.pl\/index.php?rest_route=%2Fwp%2Fv2%2Fmedia&parent=344"}],"curies":[{"name":"wp","href":"https:\/\/api.w.org\/{rel}","templated":true}]}}