{"id":348,"date":"2010-11-08T10:32:28","date_gmt":"2010-11-08T10:32:28","guid":{"rendered":"http:\/\/mdk.gorlice.net.pl\/?page_id=348"},"modified":"2010-11-09T08:35:39","modified_gmt":"2010-11-09T08:35:39","slug":"zaduszki","status":"publish","type":"page","link":"https:\/\/mdk.gorlice.net.pl\/?page_id=348","title":{"rendered":"Zaduszki"},"content":{"rendered":"<p>Koncert zatytu\u0142owany &#8220;Zaduszki muzyczne&#8221; odbywa si\u0119 w MDK corocznie od kilkunastu lat. Jego prekursorem by\u0142 Bogus\u0142aw Diduch. Na repertuar koncertu sk\u0142adaj\u0105 si\u0119 piosenki w r\u00f3\u017cny spos\u00f3b m\u00f3wi\u0105ce o przemijaniu. W koncertach tych oddajemy ho\u0142d zmar\u0142ym artystom. Wielokrotnie grali\u015bmy utwory A.Osieckiej, K. Klenczona, J. Kofty, G. Ciechowskiego.<\/p>\n","protected":false},"excerpt":{"rendered":"<p>Koncert zatytu\u0142owany &#8220;Zaduszki muzyczne&#8221; odbywa si\u0119 w MDK corocznie od kilkunastu lat. Jego prekursorem by\u0142 Bogus\u0142aw Diduch. Na repertuar koncertu sk\u0142adaj\u0105 si\u0119 piosenki w r\u00f3\u017cny spos\u00f3b m\u00f3wi\u0105ce o przemijaniu. W koncertach tych oddajemy ho\u0142d zmar\u0142ym artystom. Wielokrotnie grali\u015bmy utwory A.Osieckiej, K. Klenczona, J. Kofty, G. Ciechowskiego.<\/p>\n","protected":false},"author":2,"featured_media":0,"parent":342,"menu_order":0,"comment_status":"closed","ping_status":"open","template":"","meta":{"ngg_post_thumbnail":0},"_links":{"self":[{"href":"https:\/\/mdk.gorlice.net.pl\/index.php?rest_route=\/wp\/v2\/pages\/348"}],"collection":[{"href":"https:\/\/mdk.gorlice.net.pl\/index.php?rest_route=\/wp\/v2\/pages"}],"about":[{"href":"https:\/\/mdk.gorlice.net.pl\/index.php?rest_route=\/wp\/v2\/types\/page"}],"author":[{"embeddable":true,"href":"https:\/\/mdk.gorlice.net.pl\/index.php?rest_route=\/wp\/v2\/users\/2"}],"replies":[{"embeddable":true,"href":"https:\/\/mdk.gorlice.net.pl\/index.php?rest_route=%2Fwp%2Fv2%2Fcomments&post=348"}],"version-history":[{"count":4,"href":"https:\/\/mdk.gorlice.net.pl\/index.php?rest_route=\/wp\/v2\/pages\/348\/revisions"}],"predecessor-version":[{"id":387,"href":"https:\/\/mdk.gorlice.net.pl\/index.php?rest_route=\/wp\/v2\/pages\/348\/revisions\/387"}],"up":[{"embeddable":true,"href":"https:\/\/mdk.gorlice.net.pl\/index.php?rest_route=\/wp\/v2\/pages\/342"}],"wp:attachment":[{"href":"https:\/\/mdk.gorlice.net.pl\/index.php?rest_route=%2Fwp%2Fv2%2Fmedia&parent=348"}],"curies":[{"name":"wp","href":"https:\/\/api.w.org\/{rel}","templated":true}]}}