{"id":358,"date":"2010-08-08T12:34:31","date_gmt":"2010-08-08T12:34:31","guid":{"rendered":"http:\/\/mdk.gorlice.net.pl\/?page_id=358"},"modified":"2015-08-12T06:02:53","modified_gmt":"2015-08-12T06:02:53","slug":"eliminacje-rejonowe-konkursow-wojewodzkich-i-ogolnopolskich","status":"publish","type":"page","link":"https:\/\/mdk.gorlice.net.pl\/?page_id=358","title":{"rendered":"Eliminacje rejonowe konkurs\u00f3w wojew\u00f3dzkich i og\u00f3lnopolskich"},"content":{"rendered":"<p>M\u0142odzie\u017cowy Dom Kultury w Gorlicach wsp\u00f3\u0142pracuje z kilkoma plac\u00f3wkami poprzez wsp\u00f3\u0142organizacj\u0119 konkurs\u00f3w. Organizujemy eliminacje rejonowe kilku konkurs\u00f3w o zasi\u0119gu og\u00f3lnopolskim. <\/p>\n","protected":false},"excerpt":{"rendered":"<p>M\u0142odzie\u017cowy Dom Kultury w Gorlicach wsp\u00f3\u0142pracuje z kilkoma plac\u00f3wkami poprzez wsp\u00f3\u0142organizacj\u0119 konkurs\u00f3w. Organizujemy eliminacje rejonowe kilku konkurs\u00f3w o zasi\u0119gu og\u00f3lnopolskim.<\/p>\n","protected":false},"author":1,"featured_media":0,"parent":0,"menu_order":556,"comment_status":"open","ping_status":"open","template":"","meta":{"ngg_post_thumbnail":0},"_links":{"self":[{"href":"https:\/\/mdk.gorlice.net.pl\/index.php?rest_route=\/wp\/v2\/pages\/358"}],"collection":[{"href":"https:\/\/mdk.gorlice.net.pl\/index.php?rest_route=\/wp\/v2\/pages"}],"about":[{"href":"https:\/\/mdk.gorlice.net.pl\/index.php?rest_route=\/wp\/v2\/types\/page"}],"author":[{"embeddable":true,"href":"https:\/\/mdk.gorlice.net.pl\/index.php?rest_route=\/wp\/v2\/users\/1"}],"replies":[{"embeddable":true,"href":"https:\/\/mdk.gorlice.net.pl\/index.php?rest_route=%2Fwp%2Fv2%2Fcomments&post=358"}],"version-history":[{"count":5,"href":"https:\/\/mdk.gorlice.net.pl\/index.php?rest_route=\/wp\/v2\/pages\/358\/revisions"}],"predecessor-version":[{"id":1626,"href":"https:\/\/mdk.gorlice.net.pl\/index.php?rest_route=\/wp\/v2\/pages\/358\/revisions\/1626"}],"wp:attachment":[{"href":"https:\/\/mdk.gorlice.net.pl\/index.php?rest_route=%2Fwp%2Fv2%2Fmedia&parent=358"}],"curies":[{"name":"wp","href":"https:\/\/api.w.org\/{rel}","templated":true}]}}