{"id":360,"date":"2010-11-08T12:35:09","date_gmt":"2010-11-08T12:35:09","guid":{"rendered":"http:\/\/mdk.gorlice.net.pl\/?page_id=360"},"modified":"2019-04-05T11:29:20","modified_gmt":"2019-04-05T11:29:20","slug":"pierscien-sw-kingi","status":"publish","type":"page","link":"https:\/\/mdk.gorlice.net.pl\/?page_id=360","title":{"rendered":"XXXV WOJEW\u00d3DZKI KONKURS RECYTATORSKI  Eliminacje Rejonowe"},"content":{"rendered":"<p>Konkurs przeznaczony jest dla uczni\u00f3w szk\u00f3\u0142 podstawowych.<br \/>\nPrzes\u0142uchania konkursowe odbywaj\u0105 si\u0119 w dw\u00f3ch kategoriach wiekowych:<br \/>\nklasy I-III<br \/>\nklasy IV-VI<br \/>\nklasy VII-VIII<br \/>\nPrzes\u0142uchania fina\u0142owe poprzedzone s\u0105 eliminacjami rejonowymi, kt\u00f3re wy\u0142oni\u0105 laureat\u00f3w w ka\u017cdej kategorii. Jury konkursu ocenia wyst\u0119py uczestnik\u00f3w bior\u0105c pod uwag\u0119 nast\u0119puj\u0105ce kryteria:<br \/>\n-dob\u00f3r repertuaru<br \/>\n-interpretacja utworu<br \/>\n-kultura s\u0142owa<br \/>\n-og\u00f3lny wyraz artystyczny<\/p>\n","protected":false},"excerpt":{"rendered":"<p>Konkurs przeznaczony jest dla uczni\u00f3w szk\u00f3\u0142 podstawowych. Przes\u0142uchania konkursowe odbywaj\u0105 si\u0119 w dw\u00f3ch kategoriach wiekowych: klasy I-III klasy IV-VI klasy VII-VIII Przes\u0142uchania fina\u0142owe poprzedzone s\u0105 eliminacjami rejonowymi, kt\u00f3re wy\u0142oni\u0105 laureat\u00f3w w ka\u017cdej kategorii. Jury konkursu ocenia wyst\u0119py uczestnik\u00f3w bior\u0105c pod uwag\u0119 nast\u0119puj\u0105ce kryteria: -dob\u00f3r repertuaru -interpretacja utworu -kultura s\u0142owa -og\u00f3lny wyraz artystyczny<\/p>\n","protected":false},"author":2,"featured_media":0,"parent":358,"menu_order":319,"comment_status":"closed","ping_status":"open","template":"","meta":{"ngg_post_thumbnail":0},"_links":{"self":[{"href":"https:\/\/mdk.gorlice.net.pl\/index.php?rest_route=\/wp\/v2\/pages\/360"}],"collection":[{"href":"https:\/\/mdk.gorlice.net.pl\/index.php?rest_route=\/wp\/v2\/pages"}],"about":[{"href":"https:\/\/mdk.gorlice.net.pl\/index.php?rest_route=\/wp\/v2\/types\/page"}],"author":[{"embeddable":true,"href":"https:\/\/mdk.gorlice.net.pl\/index.php?rest_route=\/wp\/v2\/users\/2"}],"replies":[{"embeddable":true,"href":"https:\/\/mdk.gorlice.net.pl\/index.php?rest_route=%2Fwp%2Fv2%2Fcomments&post=360"}],"version-history":[{"count":17,"href":"https:\/\/mdk.gorlice.net.pl\/index.php?rest_route=\/wp\/v2\/pages\/360\/revisions"}],"predecessor-version":[{"id":2553,"href":"https:\/\/mdk.gorlice.net.pl\/index.php?rest_route=\/wp\/v2\/pages\/360\/revisions\/2553"}],"up":[{"embeddable":true,"href":"https:\/\/mdk.gorlice.net.pl\/index.php?rest_route=\/wp\/v2\/pages\/358"}],"wp:attachment":[{"href":"https:\/\/mdk.gorlice.net.pl\/index.php?rest_route=%2Fwp%2Fv2%2Fmedia&parent=360"}],"curies":[{"name":"wp","href":"https:\/\/api.w.org\/{rel}","templated":true}]}}