{"id":434,"date":"2010-11-10T10:47:33","date_gmt":"2010-11-10T10:47:33","guid":{"rendered":"http:\/\/mdk.gorlice.net.pl\/?page_id=434"},"modified":"2016-01-15T09:49:54","modified_gmt":"2016-01-15T09:49:54","slug":"ogolnopolskiego-konkursu-plastycznego-dla-dzieci-i-mlodziezy","status":"publish","type":"page","link":"https:\/\/mdk.gorlice.net.pl\/?page_id=434","title":{"rendered":"Og\u00f3lnopolskiego Konkursu Plastycznego dla dzieci i m\u0142odzie\u017cy"},"content":{"rendered":"<p> G\u0142\u00f3wnym organizatorem konkursu jest Komendy G\u0142\u00f3wnej PSP. MDK jest organizatorem etapu powiatowego.<br \/>\nKonkurs promuje i poszerza wiedz\u0119 na temat dzia\u0142alno\u015bci s\u0142u\u017cb ratowniczych, szczeg\u00f3lnie stra\u017cy po\u017carnej, uczestnicz\u0105cych w usuwaniu skutk\u00f3w wypadk\u00f3w, po\u017car\u00f3w, kl\u0119sk \u017cywio\u0142owych. Popularyzuje te\u017c zasady i mo\u017cliwie skuteczne umiej\u0119tno\u015bci bezpiecznego zachowania w przypadku wyst\u0119powania zagro\u017ce\u0144, pomaga kszta\u0142towa\u0107 w\u0142a\u015bciwe postawy oraz poprawia \u015bwiadomo\u015b\u0107 zaistnienia niebezpiecznych zdarze\u0144 nie tylko w najbli\u017cszym otoczeniu.<\/p>\n<p>Regulamin na stronie www.straz.gov.pl w zak\u0142adce &#8220;Konkursy\/plastyczne&#8221;<\/p>\n<p>Do ka\u017cdej zg\u0142aszanej do udzia\u0142u w konkursie pracy przyklei\u0107 nale\u017cy tabel\u0119 informacyjn\u0105.<\/p>\n","protected":false},"excerpt":{"rendered":"<p>G\u0142\u00f3wnym organizatorem konkursu jest Komendy G\u0142\u00f3wnej PSP. MDK jest organizatorem etapu powiatowego. Konkurs promuje i poszerza wiedz\u0119 na temat dzia\u0142alno\u015bci s\u0142u\u017cb ratowniczych, szczeg\u00f3lnie stra\u017cy po\u017carnej, uczestnicz\u0105cych w usuwaniu skutk\u00f3w wypadk\u00f3w, po\u017car\u00f3w, kl\u0119sk \u017cywio\u0142owych. Popularyzuje te\u017c zasady i mo\u017cliwie skuteczne umiej\u0119tno\u015bci bezpiecznego zachowania w przypadku wyst\u0119powania zagro\u017ce\u0144, pomaga kszta\u0142towa\u0107 w\u0142a\u015bciwe postawy oraz poprawia \u015bwiadomo\u015b\u0107 zaistnienia niebezpiecznych [&hellip;]<\/p>\n","protected":false},"author":2,"featured_media":0,"parent":358,"menu_order":89,"comment_status":"closed","ping_status":"open","template":"","meta":{"ngg_post_thumbnail":0},"_links":{"self":[{"href":"https:\/\/mdk.gorlice.net.pl\/index.php?rest_route=\/wp\/v2\/pages\/434"}],"collection":[{"href":"https:\/\/mdk.gorlice.net.pl\/index.php?rest_route=\/wp\/v2\/pages"}],"about":[{"href":"https:\/\/mdk.gorlice.net.pl\/index.php?rest_route=\/wp\/v2\/types\/page"}],"author":[{"embeddable":true,"href":"https:\/\/mdk.gorlice.net.pl\/index.php?rest_route=\/wp\/v2\/users\/2"}],"replies":[{"embeddable":true,"href":"https:\/\/mdk.gorlice.net.pl\/index.php?rest_route=%2Fwp%2Fv2%2Fcomments&post=434"}],"version-history":[{"count":8,"href":"https:\/\/mdk.gorlice.net.pl\/index.php?rest_route=\/wp\/v2\/pages\/434\/revisions"}],"predecessor-version":[{"id":1764,"href":"https:\/\/mdk.gorlice.net.pl\/index.php?rest_route=\/wp\/v2\/pages\/434\/revisions\/1764"}],"up":[{"embeddable":true,"href":"https:\/\/mdk.gorlice.net.pl\/index.php?rest_route=\/wp\/v2\/pages\/358"}],"wp:attachment":[{"href":"https:\/\/mdk.gorlice.net.pl\/index.php?rest_route=%2Fwp%2Fv2%2Fmedia&parent=434"}],"curies":[{"name":"wp","href":"https:\/\/api.w.org\/{rel}","templated":true}]}}