{"id":438,"date":"2010-11-10T10:55:04","date_gmt":"2010-11-10T10:55:04","guid":{"rendered":"http:\/\/mdk.gorlice.net.pl\/?page_id=438"},"modified":"2025-10-20T07:02:44","modified_gmt":"2025-10-20T07:02:44","slug":"regulamin","status":"publish","type":"page","link":"https:\/\/mdk.gorlice.net.pl\/?page_id=438","title":{"rendered":"Regulamin"},"content":{"rendered":"<p>   REGULAMIN POWIATOWEGO KONKURSU PIOSENKI R\u00d3\u017bNEJ<br \/>\n1.Organizator Konkursu : M\u0142odzie\u017cowy Dom Kultury w Gorlicach<br \/>\n2.Cel Konkursu: popularyzacja \u015bpiewania w\u015br\u00f3d dzieci i m\u0142odzie\u017cy, tw\u00f3rcza wymiana do\u015bwiadcze\u0144 muzycznych oraz wspieranie i promocja tw\u00f3rczo\u015bci artystycznej m\u0142odych wykonawc\u00f3w z terenu Powiatu Gorlickiego<br \/>\n3. Zasady uczestnictwa:<br \/>\nKonkurs przeznaczony jest dla dzieci i m\u0142odzie\u017cy w nast\u0119puj\u0105cych kategoriach:<br \/>\n\u2013 Klasy I-III szko\u0142y podstawowe<br \/>\n\u2013 Klasy IV-VI szko\u0142y podstawowe<br \/>\n\u2013 Klasy VII-VIII szko\u0142y podstawowe<br \/>\nW konkursie mog\u0105 bra\u0107 udzia\u0142 wy\u0142\u0105cznie soli\u015bci, uczestnicy przygotowuj\u0105 jeden utw\u00f3r o dowolnej tematyce, kt\u00f3rego czas trwania nie mo\u017ce przekroczy\u0107 5 minut<br \/>\n4. Ocena i nagrody:<br \/>\nJury ocenia\u0107 b\u0119dzie: walory wokalne, staranno\u015b\u0107 wykonania (intonacja, dykcja), dob\u00f3r repertuaru do wieku oraz mo\u017cliwo\u015bci wykonawcy, interpretacj\u0119 wokalno \u2013 sceniczn\u0105<br \/>\nWszyscy uczestnicy otrzymuj\u0105 pami\u0105tkowe dyplomy uczestnictwa, laureaci konkursu otrzymuj\u0105 pami\u0105tkowe dyplomy oraz statuetki<br \/>\n5.Sprawy organizacyjne:<br \/>\nKarty zg\u0142osze\u0144, wed\u0142ug wzoru stanowi\u0105cego za\u0142\u0105cznik nr 1 do niniejszego regulaminu nale\u017cy przes\u0142a\u0107 do dnia 13.11.2025r. pod adres: M\u0142odzie\u017cowy Dom Kultury w Gorlicach ul.Cicha 4 tel\/fax. 18 353 58 91, e- mail: mdk@gorlice.net.pl<br \/>\nKarta zg\u0142oszenia stanowi za\u0142\u0105cznik do niniejszego regulaminu.<br \/>\nPrzes\u0142uchania konkursowe odb\u0119d\u0105 si\u0119 20.11.2025r.(czwartek) od godz.9.00 w M\u0142odzie\u017cowym Domu Kultury w Gorlicach ul. Cicha 4. Szczeg\u00f3\u0142owy plan przes\u0142ucha\u0144 ustala organizator. Uczestnicy wraz z opiekunami przyje\u017cd\u017caj\u0105 na koszt w\u0142asny.         O ewentualnych zmianach organizacyjno \u2013 regulaminowych wynik\u0142ych w trakcie prowadzenia rekrutacji konkursowych uczestnicy zostan\u0105 poinformowani telefonicznie. Wszelkie dodatkowe informacje mo\u017cna uzyska\u0107 pod numerem  18 353 58 91<br \/>\n6. Ochrona danych osobowych<br \/>\nAdministratorem danych osobowych uczestnik\u00f3w i ich rodzic\u00f3w\/opiekun\u00f3w prawnych jest M\u0142odzie\u017cowy Dom Kultury z siedzib\u0105 przy ul. Cichej 4 , 38-300 Gorlice, tel. 18 353 58 91, e-mail:mdk@gorlice.net.pl.<br \/>\nAdministrator wyznaczy\u0142 Inspektora Ochrony Danych oraz Z-c\u0119 Inspektora Ochrony Danych, z kt\u00f3rym w sprawach z zakresu ochrony danych osobowych mo\u017cna si\u0119 skontaktowa\u0107 kieruj\u0105c korespondencj\u0119 na adres e-mail: iod@powiatgorlicki.pl.<br \/>\nAdministrator zbiera dane osobowe uczestnik\u00f3w Konkursu w celu organizacji i przeprowadzenia Konkursu, a tak\u017ce w celach promuj\u0105cych Organizatora Konkursu i Organ Prowadz\u0105cy.<br \/>\nCz\u0142onkowie jury konkursowego uczestnicz\u0105 w przetwarzaniu danych osobowych uczestnik\u00f3w Konkursu w zakresie niezb\u0119dnym do oceny umiej\u0119tno\u015bci wokalnych uczestnik\u00f3w poprzez wgl\u0105d w dane osobowe uczestnik\u00f3w Konkursu, w stopniu gwarantuj\u0105cym nale\u017cyty poziom bezpiecze\u0144stwa przetwarzanych danych osobowych, z zastosowaniem odpowiednich \u015brodk\u00f3w technicznych i organizacyjnych uwzgl\u0119dniaj\u0105cych zakres, cel i kontekst przetwarzania oraz ryzyko naruszenia praw i wolno\u015bci os\u00f3b fizycznych.<br \/>\nPo zako\u0144czeniu Konkursu Karty zg\u0142osze\u0144 zawieraj\u0105ce dane osobowe s\u0105 niszczone, za wyj\u0105tkiem danych osobowych finalist\u00f3w i laureat\u00f3w Konkursu, obejmuj\u0105cych imi\u0119 i nazwisko oraz nazw\u0119 szko\u0142y, do kt\u00f3rej ucz\u0119szcza.<br \/>\nPodanie danych osobowych przez uczestnik\u00f3w Konkursu jest dobrowolne, ale niezb\u0119dne do udzia\u0142u w Konkursie.<br \/>\nUczestnik Konkursu i rodzic lub opiekun prawny zezwala na wykorzystanie jego imienia i nazwiska oraz danych kontaktowych w celu informowania o wynikach Konkursu oraz na publikacj\u0119 wizerunku uczestnik\u00f3w w celach promuj\u0105cych ich osi\u0105gni\u0119cia oraz pozytywny wizerunek plac\u00f3wki wed\u0142ug za\u0142\u0105czonej zgody na Karcie zg\u0142oszenia zgody.<br \/>\nDane uczestnik\u00f3w Konkursu i ich rodzic\u00f3w i opiekun\u00f3w prawnych nie b\u0119d\u0105 przetwarzane w spos\u00f3b zautomatyzowany<\/p>\n","protected":false},"excerpt":{"rendered":"<p>REGULAMIN POWIATOWEGO KONKURSU PIOSENKI R\u00d3\u017bNEJ 1.Organizator Konkursu : M\u0142odzie\u017cowy Dom Kultury w Gorlicach 2.Cel Konkursu: popularyzacja \u015bpiewania w\u015br\u00f3d dzieci i m\u0142odzie\u017cy, tw\u00f3rcza wymiana do\u015bwiadcze\u0144 muzycznych oraz wspieranie i promocja tw\u00f3rczo\u015bci artystycznej m\u0142odych wykonawc\u00f3w z terenu Powiatu Gorlickiego 3. Zasady uczestnictwa: Konkurs przeznaczony jest dla dzieci i m\u0142odzie\u017cy w nast\u0119puj\u0105cych kategoriach: \u2013 Klasy I-III szko\u0142y podstawowe [&hellip;]<\/p>\n","protected":false},"author":2,"featured_media":0,"parent":340,"menu_order":156,"comment_status":"closed","ping_status":"open","template":"","meta":{"ngg_post_thumbnail":0},"_links":{"self":[{"href":"https:\/\/mdk.gorlice.net.pl\/index.php?rest_route=\/wp\/v2\/pages\/438"}],"collection":[{"href":"https:\/\/mdk.gorlice.net.pl\/index.php?rest_route=\/wp\/v2\/pages"}],"about":[{"href":"https:\/\/mdk.gorlice.net.pl\/index.php?rest_route=\/wp\/v2\/types\/page"}],"author":[{"embeddable":true,"href":"https:\/\/mdk.gorlice.net.pl\/index.php?rest_route=\/wp\/v2\/users\/2"}],"replies":[{"embeddable":true,"href":"https:\/\/mdk.gorlice.net.pl\/index.php?rest_route=%2Fwp%2Fv2%2Fcomments&post=438"}],"version-history":[{"count":22,"href":"https:\/\/mdk.gorlice.net.pl\/index.php?rest_route=\/wp\/v2\/pages\/438\/revisions"}],"predecessor-version":[{"id":3551,"href":"https:\/\/mdk.gorlice.net.pl\/index.php?rest_route=\/wp\/v2\/pages\/438\/revisions\/3551"}],"up":[{"embeddable":true,"href":"https:\/\/mdk.gorlice.net.pl\/index.php?rest_route=\/wp\/v2\/pages\/340"}],"wp:attachment":[{"href":"https:\/\/mdk.gorlice.net.pl\/index.php?rest_route=%2Fwp%2Fv2%2Fmedia&parent=438"}],"curies":[{"name":"wp","href":"https:\/\/api.w.org\/{rel}","templated":true}]}}