{"id":444,"date":"2010-11-10T11:03:49","date_gmt":"2010-11-10T11:03:49","guid":{"rendered":"http:\/\/mdk.gorlice.net.pl\/?page_id=444"},"modified":"2019-05-06T13:46:20","modified_gmt":"2019-05-06T13:46:20","slug":"regulamin","status":"publish","type":"page","link":"https:\/\/mdk.gorlice.net.pl\/?page_id=444","title":{"rendered":"Regulamin i Karta Zg\u0142oszenia"},"content":{"rendered":"<p>Serdecznie zapraszamy do udzia\u0142u w eliminacjach powiatowych<br \/>\nXXXV WOJEW\u00d3DZKIEGO KONKURSU RECYTATORSKIEGO<\/p>\n<p>Eliminacje Rejonowe<\/p>\n<p>Warunki uczestnictwa:<br \/>\n1. Konkurs przeznaczony jest dla uczni\u00f3w szk\u00f3\u0142 podstawowych.<\/p>\n<p>2. Przes\u0142uchania konkursowe b\u0119d\u0105 si\u0119 odbywa\u0107 w trzech kategoriach wiekowych:<br \/>\nklasy I \u2013 III<br \/>\nklasy IV \u2013 VI<br \/>\nklasy VII \u2013 VIII<\/p>\n<p>3. Ka\u017cdy uczestnik zobowi\u0105zany jest przedstawi\u0107 interpretacj\u0119 dw\u00f3ch utwor\u00f3w wybranego autora o dowolnej tematyce:<br \/>\n-poetyckiego<br \/>\n-fragmentu prozy<\/p>\n<p>4. Czas recytacji nie mo\u017ce przekroczy\u0107 5 minut. <\/p>\n<p>5.Instytucje  organizuj\u0105ce przes\u0142uchania rejonowe kwalifikuj\u0105 do fina\u0142u konkursu max. 9 recytator\u00f3w<\/p>\n<p>6. Eliminacje rejonowe organizowane przez M\u0142odzie\u017cowy Dom Kultury w Gorlicach odb\u0119d\u0105 si\u0119 dnia 10.maja 2019r (pi\u0105tek) o godz. 10.00 w auli MDK ul. Cicha 4<\/p>\n<p>7. Zg\u0142oszenia na eliminacje rejonowe prosimy nadsy\u0142a\u0107 do 06 maja br. na adres:<br \/>\nM\u0142odzie\u017cowy Dom Kultury w Gorlicach ul. Cicha 4, 38-300 Gorlice lub adres mailowy mdk@gorlice.net.pl lub fax 18 3535891.<\/p>\n<p>8. Fina\u0142 odb\u0119dzie si\u0119 w Miasteczku Galicyjskim w Nowym S\u0105czu 22 maja 2019r o godz. 10.00<\/p>\n<p>\tKryteria oceny:<br \/>\nJury konkursu oceni wyst\u0119py uczestnik\u00f3w bior\u0105c pod uwag\u0119 nast\u0119puj\u0105ce kryteria:<br \/>\n\tdob\u00f3r repertuaru (warto\u015b\u0107 artystyczna i wychowawcza utworu oraz  oraz dostosowanie do mo\u017cliwo\u015bci wykonawczych uczestnika )<br \/>\n\tinterpretacja utworu<br \/>\n\tkultura s\u0142owa<br \/>\n\tog\u00f3lny wyraz artystyczny <\/p>\n<p>K A R T A     Z G \u0141 O S Z E N I A<\/p>\n<p>1. Imi\u0119 i nazwisko recytatora \u2026\u2026\u2026\u2026\u2026\u2026\u2026\u2026\u2026\u2026\u2026\u2026\u2026\u2026\u2026\u2026\u2026\u2026\u2026\u2026\u2026\u2026\u2026\u2026\u2026<br \/>\nKlasa \u2026\u2026\u2026\u2026\u2026\u2026\u2026\u2026\u2026\u2026\u2026\u2026\u2026\u2026\u2026\u2026\u2026\u2026\u2026\u2026\u2026\u2026\u2026\u2026\u2026\u2026\u2026\u2026\u2026\u2026.<\/p>\n<p>2. Instytucja patronuj\u0105ca ( szko\u0142a, plac\u00f3wka, wychowawca \u2013 adres, telefon ) \u2026\u2026\u2026\u2026\u2026\u2026\u2026\u2026\u2026\u2026\u2026\u2026\u2026\u2026..<br \/>\n    \u2026\u2026\u2026\u2026\u2026\u2026\u2026\u2026\u2026\u2026\u2026\u2026\u2026\u2026\u2026\u2026\u2026\u2026\u2026\u2026\u2026\u2026\u2026\u2026\u2026\u2026\u2026\u2026\u2026\u2026\u2026\u2026\u2026\u2026\u2026\u2026\u2026\u2026\u2026\u2026.\u2026\u2026\u2026\u2026<br \/>\n    \u2026\u2026\u2026\u2026\u2026\u2026\u2026\u2026\u2026\u2026\u2026\u2026\u2026\u2026\u2026\u2026\u2026\u2026\u2026\u2026\u2026\u2026\u2026\u2026\u2026\u2026\u2026\u2026\u2026\u2026\u2026\u2026\u2026\u2026\u2026.\u2026\u2026\u2026\u2026\u2026\u2026\u2026\u2026\u2026<br \/>\n3. Przygotowany repertuar ( autor, tytu\u0142 ) \u2026\u2026\u2026\u2026\u2026\u2026\u2026\u2026\u2026\u2026\u2026\u2026\u2026\u2026\u2026\u2026\u2026\u2026\u2026\u2026\u2026\u2026\u2026\u2026.\u2026\u2026\u2026\u2026.<br \/>\n    \u2026\u2026\u2026\u2026\u2026\u2026\u2026\u2026\u2026\u2026\u2026\u2026\u2026\u2026\u2026\u2026\u2026\u2026\u2026\u2026\u2026\u2026\u2026\u2026\u2026\u2026\u2026\u2026\u2026\u2026\u2026\u2026\u2026&#8230;\u2026\u2026\u2026\u2026\u2026\u2026\u2026\u2026..\u2026\u2026<br \/>\n    \u2026\u2026\u2026\u2026\u2026\u2026\u2026\u2026\u2026\u2026\u2026\u2026\u2026\u2026\u2026\u2026\u2026\u2026\u2026\u2026\u2026\u2026\u2026\u2026\u2026\u2026\u2026\u2026\u2026\u2026\u2026\u2026\u2026\u2026\u2026\u2026\u2026\u2026\u2026\u2026\u2026\u2026\u2026..<br \/>\n   4. \u0141\u0105czny czas prezentacji \u2026\u2026\u2026\u2026\u2026\u2026\u2026\u2026\u2026\u2026\u2026\u2026\u2026\u2026<br \/>\n5. Imi\u0119 i nazwisko instruktora-wychowawcy, kt\u00f3ry przygotowa\u0142 recytatora ( adres, telefon )<br \/>\n    \u2026\u2026\u2026\u2026\u2026\u2026\u2026\u2026\u2026\u2026\u2026\u2026\u2026\u2026\u2026\u2026\u2026\u2026\u2026\u2026\u2026\u2026\u2026\u2026\u2026\u2026\u2026\u2026\u2026\u2026\u2026\u2026\u2026\u2026\u2026\u2026\u2026\u2026\u2026\u2026\u2026\u2026\u2026.\u2026<br \/>\nPrzetwarzanie danych osobowych: Administratorem danych osobowych przekazanych jest Pa\u0142ac M\u0142odzie\u017cy w Nowym S\u0105czu z siedzib\u0105 ul. Rynek 14, 33-300 Nowy S\u0105cz, kt\u00f3ry zapewnia wszystkim uczestnikom realizacj\u0119 uprawnie\u0144 wynikaj\u0105cych z Ustawy z dnia 10 maja 2018 r. o ochronie danych osobowych (Dz.U. z 2018 r., poz. 1000z p\u00f3\u017an. zm.).Dane osobowe przekazane Pa\u0142acowi M\u0142odzie\u017cy przez uczestnik\u00f3w konkurs\u00f3w, przegl\u0105d\u00f3w, itp.  .b\u0119d\u0105 przez niego przetwarzane  w celu realizacji zada\u0144 statutowych. Podanie danych osobowych jest dobrowolne, uczestnikowi przys\u0142uguje prawo wgl\u0105du, \u017c\u0105dania aktualizacji lub usuni\u0119cia danych .Uczestnik ucz\u0119szczaj\u0105c na zaj\u0119cia Pa\u0142acu M\u0142odzie\u017cy wraz z opiekunem prawnym wyra\u017ca zgod\u0119 na przetwarzanie podanych  danych  osobowych  w  celach  okre\u015blonych  poni\u017cej  oraz  na publikowanie  jego  imienia  i  nazwiska, miejscowo\u015bci, z kt\u00f3rej pochodzi oraz wizerunku na stronie internetowej www.palacmlodziezy.pl oraz w mediach spo\u0142eczno\u015bciowych Pa\u0142acu M\u0142odzie\u017cy, w mediach wsp\u00f3\u0142pracuj\u0105cych, jak r\u00f3wnie\u017c w elektronicznych  mediach spo\u0142eczno\u015bciowych nauczycieli Pa\u0142acu M\u0142odzie\u017cy. Uczestnik wyra\u017ca zgod\u0119 na przekazanie swoich danych osobowych Pa\u0142acowi M\u0142odzie\u017cy w celu promocji dzia\u0142ania Pa\u0142acu M\u0142odzie\u017cy, jak r\u00f3wnie\u017c promocji w\u0142asnej. Wyra\u017cam  zgod\u0119  na  gromadzenie,  przetwarzanie  i  udost\u0119pnianie  przez  Pa\u0142ac  M\u0142odzie\u017cy w Nowym S\u0105czu oraz partner\u00f3w jego konkurs\u00f3w, przegl\u0105d\u00f3w, wystaw, festiwali, itp., danych osobowych  podanych  przeze  mnie  w  systemach  informatycznych  Pa\u0142acu  M\u0142odzie\u017cy  oraz organ\u00f3w uprawnionych do prowadzenia i nadzoru jednostek o\u015bwiatowych. Wyra\u017cam zgod\u0119 na publikowanie   imienia   i   nazwiska  mojego  dziecka,  miejscowo\u015bci,  z kt\u00f3rej  pochodz\u0119, wizerunku  na  stronie  internetowej: www.palacmlodziezy.pl,wmediach spo\u0142eczno\u015bciowych PM,    jak  r\u00f3wnie\u017c  na  stronach  spo\u0142eczno\u015bciowych  nauczycieli  PM i    w    mediach wsp\u00f3\u0142pracuj\u0105cych  celach  promocyjnych  informacyjnych  oraz  na  przekazanie  danych osobowych mojego   dziecka ewentualnym   fundatorom   nagr\u00f3d.  Jednocze\u015bnie  informuj\u0119, \u017ce jestem \u015bwiadomy dobrowolno\u015bci podania danych osobowych i \u017ce zosta\u0142em poinformowany o  prawie  wgl\u0105du  do nich,  mo\u017cliwo\u015bci  ich  poprawiania  oraz  zg\u0142oszenia  sprzeciwu, co  do dalszego ich przetwarzania i przekazania danych osobowych ewentualnym fundatorom nagr\u00f3d.<br \/>\n\u2026\u2026\u2026\u2026\u2026\u2026\u2026\u2026\u2026\u2026\u2026\u2026\u2026\u2026\t\t\t\t\u2026\u2026\u2026\u2026\u2026\u2026\u2026\u2026\u2026\u2026\u2026\u2026\u2026<br \/>\n          ( miejscowo\u015b\u0107, data )\t\t\t\t\t            ( podpis uczestnika )<\/p>\n<p>\t\t\t\t\u2026\u2026\u2026\u2026\u2026\u2026\u2026\u2026\u2026\u2026\u2026\u2026\u2026\u2026\u2026\u2026\u2026\u2026<br \/>\n\t\t\t\t ( piecz\u0119\u0107 i podpis Dyrektora Szko\u0142y)<\/p>\n","protected":false},"excerpt":{"rendered":"<p>Serdecznie zapraszamy do udzia\u0142u w eliminacjach powiatowych XXXV WOJEW\u00d3DZKIEGO KONKURSU RECYTATORSKIEGO Eliminacje Rejonowe Warunki uczestnictwa: 1. Konkurs przeznaczony jest dla uczni\u00f3w szk\u00f3\u0142 podstawowych. 2. Przes\u0142uchania konkursowe b\u0119d\u0105 si\u0119 odbywa\u0107 w trzech kategoriach wiekowych: klasy I \u2013 III klasy IV \u2013 VI klasy VII \u2013 VIII 3. Ka\u017cdy uczestnik zobowi\u0105zany jest przedstawi\u0107 interpretacj\u0119 dw\u00f3ch utwor\u00f3w wybranego [&hellip;]<\/p>\n","protected":false},"author":2,"featured_media":0,"parent":360,"menu_order":158,"comment_status":"closed","ping_status":"open","template":"","meta":{"ngg_post_thumbnail":0},"_links":{"self":[{"href":"https:\/\/mdk.gorlice.net.pl\/index.php?rest_route=\/wp\/v2\/pages\/444"}],"collection":[{"href":"https:\/\/mdk.gorlice.net.pl\/index.php?rest_route=\/wp\/v2\/pages"}],"about":[{"href":"https:\/\/mdk.gorlice.net.pl\/index.php?rest_route=\/wp\/v2\/types\/page"}],"author":[{"embeddable":true,"href":"https:\/\/mdk.gorlice.net.pl\/index.php?rest_route=\/wp\/v2\/users\/2"}],"replies":[{"embeddable":true,"href":"https:\/\/mdk.gorlice.net.pl\/index.php?rest_route=%2Fwp%2Fv2%2Fcomments&post=444"}],"version-history":[{"count":26,"href":"https:\/\/mdk.gorlice.net.pl\/index.php?rest_route=\/wp\/v2\/pages\/444\/revisions"}],"predecessor-version":[{"id":2565,"href":"https:\/\/mdk.gorlice.net.pl\/index.php?rest_route=\/wp\/v2\/pages\/444\/revisions\/2565"}],"up":[{"embeddable":true,"href":"https:\/\/mdk.gorlice.net.pl\/index.php?rest_route=\/wp\/v2\/pages\/360"}],"wp:attachment":[{"href":"https:\/\/mdk.gorlice.net.pl\/index.php?rest_route=%2Fwp%2Fv2%2Fmedia&parent=444"}],"curies":[{"name":"wp","href":"https:\/\/api.w.org\/{rel}","templated":true}]}}