{"id":455,"date":"2010-11-10T11:15:54","date_gmt":"2010-11-10T11:15:54","guid":{"rendered":"http:\/\/mdk.gorlice.net.pl\/?page_id=455"},"modified":"2026-03-12T13:37:06","modified_gmt":"2026-03-12T13:37:06","slug":"regulamin","status":"publish","type":"page","link":"https:\/\/mdk.gorlice.net.pl\/?page_id=455","title":{"rendered":"Regulamin"},"content":{"rendered":"\n<p>XVI POWIATOWY KONKURS FOTOGRAFICZNY<br \/>\n\u201eOSOBLIWO\u015aCI ZIEMI GORLICKIEJ\u201d<br \/>\nPOD HONOROWYM PATRONATEM STAROSTY POWIATU GORLICKIEGO<\/p>\n<p>Organizatorem konkursu jest M\u0142odzie\u017cowy Dom Kultury w Gorlicach z siedzib\u0105 przy<br \/>\nul. Cichej 4, tel. 18-353-58-91, www.mdk.gorlice.net.pl<\/p>\n<p>Cele konkursu:<br \/>\nZainteresowanie uczestnik\u00f3w fotografi\u0105 oraz szeroko rozumian\u0105 sztuk\u0105 wizualn\u0105, a tak\u017ce pog\u0142\u0119bienie wra\u017cliwo\u015bci na pi\u0119kno otaczaj\u0105cego \u015bwiata, ze szczeg\u00f3lnym uwzgl\u0119dnieniem osobliwo\u015bci wyst\u0119puj\u0105cych w obr\u0119bie ziemi gorlickiej.<\/p>\n<p>Konkurs obejmuje dwie formu\u0142y tematyczne &#8220;I&#8221; i &#8220;II&#8221;:<\/p>\n<p>(I) &#8211; &#8220;Osobliwo\u015bci ziemi gorlickiej&#8221; (maks. 5 prac) &#8211; przedstawi\u0107 nale\u017cy charakterystyczne dla naszej ma\u0142ej ojczyzny krajobrazy, architektur\u0119 (obiekty sakralne, kapliczki, pa\u0142ace, cmentarze), przyrod\u0119, folklor, unikatowe rzemios\u0142o itd.<\/p>\n<p>(II) &#8211; &#8220;Moja najlepsza fotografia&#8221; (1 praca) \u2013 to otwarta tematycznie formu\u0142a, w kt\u00f3rej znaczenie maj\u0105 znamienne dla sztuk wizualnych warto\u015bci takie jak m.in: kompozycja, umiej\u0119tno\u015b\u0107 wykorzystania \u015bwiat\u0142a, kontrastu, barwy, a tak\u017ce oryginalno\u015b\u0107 uj\u0119cia, warto\u015bci dokumentalne.<\/p>\n<p>Konkurs adresowany jest do dzieci i m\u0142odzie\u017cy szkolnej z terenu Powiatu Gorlickiego i przeprowadzony b\u0119dzie w ramach trzech kategorii wiekowych:<br \/>\nI &#8211; klasy 1-3 szko\u0142y podstawowej<br \/>\nII &#8211; klasy 4-8 szko\u0142y podstawowej<br \/>\nIII &#8211; szko\u0142y ponadpodstawowe<\/p>\n<p>Termin:<br \/>\nZg\u0142aszanie prac do: 24.04.2026 r.<br \/>\nWyniki konkursu opublikowane b\u0119d\u0105 po posiedzieniu jury, na stronach internetowych MDK w Gorlicach, a laureaci powiadomieni zostan\u0105 telefonicznie.<\/p>\n<p>Zg\u0142oszenia:<br \/>\nW konkursie b\u0119d\u0105 bra\u0142y udzia\u0142 WY\u0141\u0104CZNIE prace zg\u0142oszone w postaci ODBITEK lub WYDRUK\u00d3W. Obowi\u0105zuj\u0105cy FORMAT: 21&#215;30 cm.<\/p>\n<p>Opis prac:<br \/>\nNa fotografiach umie\u015bci\u0107 nale\u017cy wype\u0142nion\u0105 i podpisan\u0105 DEKLARACJ\u0118 UCZESTNICTWA.<br \/>\nProsimy o czytelne wype\u0142nienie dokumentacji pismem drukowanym.<br \/>\nUwagi:<br \/>\nWszystkie nagrodzone i wyr\u00f3\u017cnione fotografie przechodz\u0105 na w\u0142asno\u015b\u0107 organizatora.<br \/>\nPozosta\u0142e zdj\u0119cia mo\u017cna odbiera\u0107 w siedzibie MDK w Gorlicach do 19 czerwca 2026 r.<br \/>\nWszelkie dodatkowe informacje o konkursie, uzyska\u0107 mo\u017cna w siedzibie MDK w Gorlicach przy ul.Cichej 4, lub pod numerem telefonu: 18-353-58-91. <\/p>\n<p>Jury:<br \/>\nOceny prac dokona Jury powo\u0142ane przez Organizatora, kt\u00f3re ma prawo decydowa\u0107 o przeniesieniu fotografii do innej formu\u0142y tematycznej. Ostateczna interpretacja regulaminu i decyzja o podziale nagr\u00f3d nale\u017cy do Jury.<\/p>\n<p>Nagrody:<br \/>\nAutorzy nagrodzonych i wyr\u00f3\u017cnonych prac otrzymaj\u0105 dyplomy oraz nagrody rzeczowe ufundowane przez Organizatora.<\/p>\n<p>Podsumowanie konkursu:<br \/>\nW ramach podsumowania konkursu, odb\u0119dzie si\u0119 uroczyste otwarcie wystawy, po\u0142\u0105czone z wr\u0119czeniem nagr\u00f3d laureatom. Ponadto przewidujemy okoliczno\u015bciowy wyk\u0142ad na temat fotografii.<\/p>\n<p>Ka\u017cde zg\u0142oszenie jest r\u00f3wnoznaczne z posiadaniem przez zg\u0142aszaj\u0105cego praw autorskich do zg\u0142aszanych prac. Organizatorzy nie ponosz\u0105 odpowiedzialno\u015bci za wszelkie nadu\u017cycia praw autorskich przez osoby zg\u0142aszaj\u0105ce. Zg\u0142aszaj\u0105cy zezwala r\u00f3wnie\u017c organizatorom na wykorzystywanie jego prac lub ich cz\u0119\u015bci do nieodp\u0142atnej publikacji w mediach zwi\u0105zanych z niniejszym konkursem.<\/p>\n<p>Udzia\u0142 w konkursie jest r\u00f3wnoznaczny ze zgod\u0105 na przetwarzanie danych osobowych dla potrzeb konkursu (publikacja wynik\u00f3w) organizowanego przez MDK w Gorlicach zgodnie z Ustaw\u0105 z dn. 10.05.2018 r. o Ochronie Danych Osobowych (Dz.U.2019.1781 t.j. z dnia 2019.09.19), a tak\u017ce zgod\u0105 na nieodp\u0142atne utrwalenie i rozpowszechnienie wizerunku w formie fotografii w celach promocyjnych przez MDK w Gorlicach.<\/p>\n<p>CZEKAMY NA WASZE FOTOGRAFIE I \u017bYCZYMY POWODZENIA W KONKURSIE<br \/>\n!<\/p>\n","protected":false},"excerpt":{"rendered":"<p>XVI POWIATOWY KONKURS FOTOGRAFICZNY \u201eOSOBLIWO\u015aCI ZIEMI GORLICKIEJ\u201d POD HONOROWYM PATRONATEM STAROSTY POWIATU GORLICKIEGO Organizatorem konkursu jest M\u0142odzie\u017cowy Dom Kultury w Gorlicach z siedzib\u0105 przy ul. Cichej 4, tel. 18-353-58-91, www.mdk.gorlice.net.pl Cele konkursu: Zainteresowanie uczestnik\u00f3w fotografi\u0105 oraz szeroko rozumian\u0105 sztuk\u0105 wizualn\u0105, a tak\u017ce pog\u0142\u0119bienie wra\u017cliwo\u015bci na pi\u0119kno otaczaj\u0105cego \u015bwiata, ze szczeg\u00f3lnym uwzgl\u0119dnieniem osobliwo\u015bci wyst\u0119puj\u0105cych w obr\u0119bie [&hellip;]<\/p>\n","protected":false},"author":2,"featured_media":0,"parent":424,"menu_order":335,"comment_status":"closed","ping_status":"open","template":"","meta":{"ngg_post_thumbnail":0},"_links":{"self":[{"href":"https:\/\/mdk.gorlice.net.pl\/index.php?rest_route=\/wp\/v2\/pages\/455"}],"collection":[{"href":"https:\/\/mdk.gorlice.net.pl\/index.php?rest_route=\/wp\/v2\/pages"}],"about":[{"href":"https:\/\/mdk.gorlice.net.pl\/index.php?rest_route=\/wp\/v2\/types\/page"}],"author":[{"embeddable":true,"href":"https:\/\/mdk.gorlice.net.pl\/index.php?rest_route=\/wp\/v2\/users\/2"}],"replies":[{"embeddable":true,"href":"https:\/\/mdk.gorlice.net.pl\/index.php?rest_route=%2Fwp%2Fv2%2Fcomments&post=455"}],"version-history":[{"count":17,"href":"https:\/\/mdk.gorlice.net.pl\/index.php?rest_route=\/wp\/v2\/pages\/455\/revisions"}],"predecessor-version":[{"id":3600,"href":"https:\/\/mdk.gorlice.net.pl\/index.php?rest_route=\/wp\/v2\/pages\/455\/revisions\/3600"}],"up":[{"embeddable":true,"href":"https:\/\/mdk.gorlice.net.pl\/index.php?rest_route=\/wp\/v2\/pages\/424"}],"wp:attachment":[{"href":"https:\/\/mdk.gorlice.net.pl\/index.php?rest_route=%2Fwp%2Fv2%2Fmedia&parent=455"}],"curies":[{"name":"wp","href":"https:\/\/api.w.org\/{rel}","templated":true}]}}