{"id":490,"date":"2010-11-12T07:43:29","date_gmt":"2010-11-12T07:43:29","guid":{"rendered":"http:\/\/mdk.gorlice.net.pl\/?page_id=490"},"modified":"2018-03-16T10:01:55","modified_gmt":"2018-03-16T10:01:55","slug":"regulamin","status":"publish","type":"page","link":"https:\/\/mdk.gorlice.net.pl\/?page_id=490","title":{"rendered":"Regulamin"},"content":{"rendered":"<p>REGULAMIN<\/p>\n<p>XIX  MI\u0118DZYNARODOWEGO  KONKURSU  PLASTYCZNEGO<br \/>\nDLA DZIECI  I  M\u0141ODZIE\u017bY<\/p>\n<p>\u201ePI\u0118KNO  BESKID\u00d3W  I  BIESZCZAD\u00d3W\u201d<\/p>\n<p>GORLICE 2018<\/p>\n<p>Cele i tematyka konkursu:<\/p>\n<p>\u2022\trozwijanie wra\u017cliwo\u015bci estetycznej i aktywno\u015bci tw\u00f3rczej dzieci<br \/>\ni m\u0142odzie\u017cy<br \/>\n\u2022\tnawi\u0105zanie kontakt\u00f3w i wsp\u00f3\u0142pracy pomi\u0119dzy regionami Polski,<br \/>\na tak\u017ce  zagranicznymi plac\u00f3wkami  krzewienia kultury plastycznej<br \/>\n\u2022\tpromocja kulturowych, krajobrazowych i turystycznych walor\u00f3w Beskid\u00f3w<br \/>\ni Bieszczad\u00f3w w my\u015bl idei \u201eEuropy Region\u00f3w\u201d, wzywaj\u0105cej do tworzenia<br \/>\ni odtwarzania warto\u015bci kulturowych \u201ema\u0142ych ojczyzn\u201d<br \/>\n\u2022\tupowszechnianie unikalnych w skali kraju i Europy zabytk\u00f3w architektury (cerkwie, ko\u015bcio\u0142y, zamki, dwory, cmentarze z I wojny \u015bwiatowej), etnicznych tradycji, historycznych obiekt\u00f3w przemys\u0142u naftowego i innych element\u00f3w krajobrazu oraz kultury, charakterystycznych dla regionu po\u0142udniowo-wschodniej Polski<\/p>\n<p>Warunki uczestnictwa:<\/p>\n<p>1.\tWiek uczestnik\u00f3w 5-19 lat.<br \/>\n2.\tTechnika: malarstwo, grafika, rysunek, batik,<br \/>\ntech. mieszane (p\u0142askie).<br \/>\n3.\tFormat prac: dowolny ale nie wi\u0119kszy ni\u017c 500mm x 700mm<br \/>\n4.\tNie przyjmujemy prac zbiorowych i wykonanych z materia\u0142\u00f3w nietrwa\u0142ych.<br \/>\n5.\tPrace oceniane b\u0119d\u0105 w 5 grupach wiekowych: 5-7 lat, 8-10 lat,<br \/>\n11-13 lat, 14-16 lat, 17-19 lat.<\/p>\n<p>Opis pracy na odwrocie pismem drukowanym: tytu\u0142 pracy, imi\u0119 i nazwisko autora, wiek, adres e-mail i tel. plac\u00f3wki, imi\u0119 i nazwisko nauczyciela.<\/p>\n<p>Termin nadsy\u0142ania prac: do 22 czerwca 2018r. na adres:<\/p>\n<p>M\u0141ODZIE\u017bOWY  DOM  KULTURY<br \/>\nul. Cicha 4<br \/>\n38-300 GORLICE<br \/>\ntel\/fax  (18)  353-58-91 \/ e-mail: mdk@gorlice.net.pl<\/p>\n<p>Uwagi organizacyjne:<\/p>\n<p>1.\tKoszt przesy\u0142ki prac pokrywa uczestnik.<br \/>\n2.\tPrace nades\u0142ane w rulonach, nieprawid\u0142owo opisane nie b\u0119d\u0105 rozpatrywane.<br \/>\n3.\tNades\u0142ane prace na konkurs nie b\u0119d\u0105 zwracane ich autorom, przechodz\u0105 na w\u0142asno\u015b\u0107M\u0142odzie\u017cowego Domu Kultury w Gorlicach .<br \/>\n4.\tO wynikach konkursu zostan\u0105 powiadomione tylko te plac\u00f3wki z kt\u00f3rych b\u0119d\u0105 nagrodzeni laureaci konkursu.<br \/>\n5.\tProtok\u00f3\u0142 jury konkursu zostanie zamieszczony na stronie internetowej organizatora www.mdk.gorlice.net.pl<br \/>\n6.\tKoszt przyjazdu po odbi\u00f3r nagr\u00f3d pokrywa uczestnik.<br \/>\n7.\tW przypadku nieodebrania nagrody, b\u0119dzie ona przes\u0142ana na koszt uczestnika konkursu.<\/p>\n<p>Dane osobowe:<\/p>\n<p>Dane osobowe uczestnik\u00f3w konkursu mog\u0105 by\u0107 wykorzystywane zgodnie z ustaw\u0105<br \/>\no ochronie danych osobowych  z dn. 29.08.1997r. (tekst jednolity Dz.U.2016r. poz. 922) przez organizatora na potrzeby niniejszego konkursu.<\/p>\n<p>Prawa do wykorzystania nades\u0142anych prac:<\/p>\n<p>1.\tOrganizator jest w\u0142a\u015bcicielem nades\u0142anych prac.<br \/>\n2.\tUczestnicy przyst\u0119puj\u0105c do konkursu wyra\u017caj\u0105 zgod\u0119 na rozpowszechnianie, przystosowanie i publikowanie ich prac.<br \/>\n3.\tUczestnicy wyra\u017caj\u0105 zgod\u0119 na publiczne wystawianie prac oraz ich wykorzystywanie w \u015brodkach masowego przekazu przez organizatora.<br \/>\n4.\tUdzielenie ww. praw nie wi\u0105\u017ce si\u0119 z obowi\u0105zkiem zap\u0142aty wynagrodzenia na rzecz uczestnik\u00f3w.<\/p>\n<p>Postanowienia ko\u0144cowe:<\/p>\n<p>1.\tWarunkiem wzi\u0119cia udzia\u0142u w konkursie jest akceptacja warunk\u00f3w niniejszego regulaminu.<br \/>\n2.\tRegulamin konkursu znajduj\u0119 si\u0119 do wgl\u0105du w siedzibie organizatora, oraz na stronie internetowej www.mdk.gorlice.net.pl (w zak\u0142adce \u201eimprezy cykliczne\u201d)<br \/>\n3.\tOrganizator zastrzega sobie prawo do ostatecznej interpretacji ewentualnych spornych kwestii wynikaj\u0105cych z niniejszego regulaminu.<\/p>\n<p>Uroczyste podsumowanie konkursu:pa\u017adziernik2018r.<\/p>\n","protected":false},"excerpt":{"rendered":"<p>REGULAMIN XIX MI\u0118DZYNARODOWEGO KONKURSU PLASTYCZNEGO DLA DZIECI I M\u0141ODZIE\u017bY \u201ePI\u0118KNO BESKID\u00d3W I BIESZCZAD\u00d3W\u201d GORLICE 2018 Cele i tematyka konkursu: \u2022 rozwijanie wra\u017cliwo\u015bci estetycznej i aktywno\u015bci tw\u00f3rczej dzieci i m\u0142odzie\u017cy \u2022 nawi\u0105zanie kontakt\u00f3w i wsp\u00f3\u0142pracy pomi\u0119dzy regionami Polski, a tak\u017ce zagranicznymi plac\u00f3wkami krzewienia kultury plastycznej \u2022 promocja kulturowych, krajobrazowych i turystycznych walor\u00f3w Beskid\u00f3w i Bieszczad\u00f3w w [&hellip;]<\/p>\n","protected":false},"author":2,"featured_media":0,"parent":274,"menu_order":102,"comment_status":"closed","ping_status":"open","template":"","meta":{"ngg_post_thumbnail":0},"_links":{"self":[{"href":"https:\/\/mdk.gorlice.net.pl\/index.php?rest_route=\/wp\/v2\/pages\/490"}],"collection":[{"href":"https:\/\/mdk.gorlice.net.pl\/index.php?rest_route=\/wp\/v2\/pages"}],"about":[{"href":"https:\/\/mdk.gorlice.net.pl\/index.php?rest_route=\/wp\/v2\/types\/page"}],"author":[{"embeddable":true,"href":"https:\/\/mdk.gorlice.net.pl\/index.php?rest_route=\/wp\/v2\/users\/2"}],"replies":[{"embeddable":true,"href":"https:\/\/mdk.gorlice.net.pl\/index.php?rest_route=%2Fwp%2Fv2%2Fcomments&post=490"}],"version-history":[{"count":13,"href":"https:\/\/mdk.gorlice.net.pl\/index.php?rest_route=\/wp\/v2\/pages\/490\/revisions"}],"predecessor-version":[{"id":2407,"href":"https:\/\/mdk.gorlice.net.pl\/index.php?rest_route=\/wp\/v2\/pages\/490\/revisions\/2407"}],"up":[{"embeddable":true,"href":"https:\/\/mdk.gorlice.net.pl\/index.php?rest_route=\/wp\/v2\/pages\/274"}],"wp:attachment":[{"href":"https:\/\/mdk.gorlice.net.pl\/index.php?rest_route=%2Fwp%2Fv2%2Fmedia&parent=490"}],"curies":[{"name":"wp","href":"https:\/\/api.w.org\/{rel}","templated":true}]}}