{"id":7,"date":"2010-05-31T07:24:38","date_gmt":"2010-05-31T07:24:38","guid":{"rendered":"http:\/\/mdk.gorlice.net.pl\/nowe\/?page_id=7"},"modified":"2015-05-13T08:34:59","modified_gmt":"2015-05-13T08:34:59","slug":"kontakt","status":"publish","type":"page","link":"https:\/\/mdk.gorlice.net.pl\/?page_id=7","title":{"rendered":"Kontakt"},"content":{"rendered":"<p>G\u0142\u00f3wna siedziba M\u0142odzie\u017cowego Dom Kultury umiejscowiona jest niedaleko Rynku w\u00a0Gorlicach przy ulicy Cichej 4 (mapa Gorlic), co pozwala na \u0142atwy dost\u0119p do o\u015brodka. Istniej\u0105 r\u00f3wnie\u017c drobniejsze plac\u00f3wki terenowe, rozsiane po ca\u0142ym powiecie.<\/p>\n<p><strong>M\u0141ODZIE\u017bOWY DOM KULTURY<\/strong><br \/>\nGorlice, ul. Cicha 4<br \/>\ntel\/fax (0-18) 353-58-91<br \/>\ne-mail: <a href=\"mailto:mdk@gorlice.net.pl\">mdk@gorlice.net.pl<\/a><br \/>\n<a href=\"..\/..\/www.mdk.gorlice.net.pl\">www.mdk.gorlice.net.pl<\/a><br \/>\nDYREKTOR<br \/>\n<strong>mgr Tomasz Kubala <\/strong><\/p>\n","protected":false},"excerpt":{"rendered":"<p>G\u0142\u00f3wna siedziba M\u0142odzie\u017cowego Dom Kultury umiejscowiona jest niedaleko Rynku w\u00a0Gorlicach przy ulicy Cichej 4 (mapa Gorlic), co pozwala na \u0142atwy dost\u0119p do o\u015brodka. Istniej\u0105 r\u00f3wnie\u017c drobniejsze plac\u00f3wki terenowe, rozsiane po ca\u0142ym powiecie. M\u0141ODZIE\u017bOWY DOM KULTURY Gorlice, ul. Cicha 4 tel\/fax (0-18) 353-58-91 e-mail: mdk@gorlice.net.pl www.mdk.gorlice.net.pl DYREKTOR mgr Tomasz Kubala<\/p>\n","protected":false},"author":1,"featured_media":0,"parent":0,"menu_order":419,"comment_status":"closed","ping_status":"closed","template":"","meta":{"ngg_post_thumbnail":0},"_links":{"self":[{"href":"https:\/\/mdk.gorlice.net.pl\/index.php?rest_route=\/wp\/v2\/pages\/7"}],"collection":[{"href":"https:\/\/mdk.gorlice.net.pl\/index.php?rest_route=\/wp\/v2\/pages"}],"about":[{"href":"https:\/\/mdk.gorlice.net.pl\/index.php?rest_route=\/wp\/v2\/types\/page"}],"author":[{"embeddable":true,"href":"https:\/\/mdk.gorlice.net.pl\/index.php?rest_route=\/wp\/v2\/users\/1"}],"replies":[{"embeddable":true,"href":"https:\/\/mdk.gorlice.net.pl\/index.php?rest_route=%2Fwp%2Fv2%2Fcomments&post=7"}],"version-history":[{"count":9,"href":"https:\/\/mdk.gorlice.net.pl\/index.php?rest_route=\/wp\/v2\/pages\/7\/revisions"}],"predecessor-version":[{"id":1537,"href":"https:\/\/mdk.gorlice.net.pl\/index.php?rest_route=\/wp\/v2\/pages\/7\/revisions\/1537"}],"wp:attachment":[{"href":"https:\/\/mdk.gorlice.net.pl\/index.php?rest_route=%2Fwp%2Fv2%2Fmedia&parent=7"}],"curies":[{"name":"wp","href":"https:\/\/api.w.org\/{rel}","templated":true}]}}