{"id":9,"date":"2010-05-31T07:25:02","date_gmt":"2010-05-31T07:25:02","guid":{"rendered":"http:\/\/mdk.gorlice.net.pl\/nowe\/?page_id=9"},"modified":"2023-06-06T14:34:41","modified_gmt":"2023-06-06T14:34:41","slug":"zapisy","status":"publish","type":"page","link":"https:\/\/mdk.gorlice.net.pl\/?page_id=9","title":{"rendered":"Zapisy"},"content":{"rendered":"<p>Zasady rekrutacji<br \/>\n<a href=\"https:\/\/mdk.gorlice.net.pl\/wp-content\/uploads\/2010\/05\/rekrutacja.pdf\">rekrutacja<\/a><\/p>\n<p> Zapisy<\/p>\n<p>1. Do dope\u0142nienia czynno\u015bci zwi\u0105zanych ze zg\u0142oszeniem kandydata niepe\u0142noletniego zobowi\u0105zani s\u0105 jego rodzice\/prawni opiekunowie lub kandydat pe\u0142noletni.<br \/>\n2. Zg\u0142oszenie kandydata pe\u0142noletniego lub niepe\u0142noletniego polega na:<br \/>\na)pobraniu z sekretariatu plac\u00f3wki<br \/>\n-wniosku o przyj\u0119cie na zaj\u0119cia lub deklaracji o kontynuacji zaj\u0119\u0107,<br \/>\n-informacji o przetwarzaniu danych osobowych podopiecznych i rodzic\u00f3w\/opiekun\u00f3w prawnych w M\u0142odzie\u017cowym Domu Kultury w Gorlicach<br \/>\n-zgody ucznia \/rodzica \/opiekuna prawnego na wykorzystanie wizerunku ucznia.<br \/>\nb)wype\u0142nieniu, podpisaniu i z\u0142o\u017ceniu formularzy w sekretariacie plac\u00f3wki.<\/p>\n<p>Terminy rekrutacji:<br \/>\nI etap 06.06 -17.06. do godz. 15.00 &#8211; sk\u0142adanie deklaracji kontynuacji nauki w MDK przez osoby ucz\u0119szczaj\u0105ce w mijaj\u0105cym roku szkolnym na zaj\u0119cia.<br \/>\nII etap 20.06-01.07 do godz. 15.00 -sk\u0142adanie wniosk\u00f3w o przyj\u0119cie na zaj\u0119cia dla nowych kandydat\u00f3w.<br \/>\nPost\u0119powanie uzupe\u0142niaj\u0105ce ( w razie wolnych miejsc) od 04.07 do 26.08. do godz. 15.00. <\/p>\n<p>W razie wolnych miejsc zapisy do k\u00f3\u0142 zainteresowa\u0144 mo\u017cna dokona\u0107 w\u0142a\u015bciwie przez ca\u0142y rok szkolny w sekretariacie MDK (tel. 353-58-91). Najlepiej jednak podj\u0105\u0107 decyzj\u0119 o uczestnictwie w zaj\u0119ciach w wyznaczonych wy\u017cej terminach. P\u00f3\u017aniej mo\u017ce by\u0107 trudno dotrzyma\u0107 kroku zaawansowanej ju\u017c grupie. Nie dotyczy to oczywi\u015bcie zaj\u0119\u0107 plastycznych i wokalnych gdzie praca z wychowankiem toczy si\u0119 indywidualnie oraz udzia\u0142u w Filmowym Klubie Dyskusyjnym.<br \/>\nW tym roku og\u0142aszamy zapisy do nast\u0119puj\u0105cych k\u00f3\u0142 zainteresowa\u0144:<\/p>\n<p>PLASTYKA:<\/p>\n<p>* malarstwo na papierze i na szkle<br \/>\n* malarstwo sztalugowe<br \/>\n* pastel<br \/>\n* rysunek<br \/>\n* ceramika<br \/>\n* grafika<br \/>\n* rze\u017aba<br \/>\n* grafika komputerowa<\/p>\n<p>MUZYKA:<\/p>\n<p>* m\u0142odzie\u017cowe studio wokalne<br \/>\n* dzieci\u0119ce studio wokalne<br \/>\n* grupy wokalne<br \/>\n* zespo\u0142y wokalno-instrumentalne<br \/>\n* grupy i zespo\u0142y gitarowe<br \/>\n* grupy instrumentalne<br \/>\n* grupy klawiszowe<\/p>\n<p>TANIEC:<\/p>\n<p>* taniec towarzyski (ta\u0144ce standardowe i latynoameryka\u0144skie)<br \/>\n* taniec nowoczesny<br \/>\n* hip-hop, funky, breakdance<br \/>\n* zespo\u0142y taneczne (dzieci\u0119ce i m\u0142odzie\u017cowe)<\/p>\n<p>\u017bYWE S\u0141OWO:<\/p>\n<p>* ko\u0142a teatralne<br \/>\n* ko\u0142o recytatorskie<br \/>\n*\u00a0M\u0142odzie\u017cowy Dyskusyjny Klub Filmowy<\/p>\n<p>FOTOGRAFIA<\/p>\n<p>  Na zaj\u0119cia mo\u017cna tak\u017ce zapisa\u0107 si\u0119 w miar\u0119 wolnych miejsc w trakcie roku szkolnego w godzinach pracy nauczycieli. poni\u017cej publikujemy rozk\u0142ad zaj\u0119\u0107 w roku szkolnym 2023\/2024<\/p>\n","protected":false},"excerpt":{"rendered":"<p>Zasady rekrutacji rekrutacja Zapisy 1. Do dope\u0142nienia czynno\u015bci zwi\u0105zanych ze zg\u0142oszeniem kandydata niepe\u0142noletniego zobowi\u0105zani s\u0105 jego rodzice\/prawni opiekunowie lub kandydat pe\u0142noletni. 2. Zg\u0142oszenie kandydata pe\u0142noletniego lub niepe\u0142noletniego polega na: a)pobraniu z sekretariatu plac\u00f3wki -wniosku o przyj\u0119cie na zaj\u0119cia lub deklaracji o kontynuacji zaj\u0119\u0107, -informacji o przetwarzaniu danych osobowych podopiecznych i rodzic\u00f3w\/opiekun\u00f3w prawnych w M\u0142odzie\u017cowym Domu [&hellip;]<\/p>\n","protected":false},"author":1,"featured_media":0,"parent":0,"menu_order":146,"comment_status":"closed","ping_status":"closed","template":"","meta":{"ngg_post_thumbnail":0},"_links":{"self":[{"href":"https:\/\/mdk.gorlice.net.pl\/index.php?rest_route=\/wp\/v2\/pages\/9"}],"collection":[{"href":"https:\/\/mdk.gorlice.net.pl\/index.php?rest_route=\/wp\/v2\/pages"}],"about":[{"href":"https:\/\/mdk.gorlice.net.pl\/index.php?rest_route=\/wp\/v2\/types\/page"}],"author":[{"embeddable":true,"href":"https:\/\/mdk.gorlice.net.pl\/index.php?rest_route=\/wp\/v2\/users\/1"}],"replies":[{"embeddable":true,"href":"https:\/\/mdk.gorlice.net.pl\/index.php?rest_route=%2Fwp%2Fv2%2Fcomments&post=9"}],"version-history":[{"count":40,"href":"https:\/\/mdk.gorlice.net.pl\/index.php?rest_route=\/wp\/v2\/pages\/9\/revisions"}],"predecessor-version":[{"id":3238,"href":"https:\/\/mdk.gorlice.net.pl\/index.php?rest_route=\/wp\/v2\/pages\/9\/revisions\/3238"}],"wp:attachment":[{"href":"https:\/\/mdk.gorlice.net.pl\/index.php?rest_route=%2Fwp%2Fv2%2Fmedia&parent=9"}],"curies":[{"name":"wp","href":"https:\/\/api.w.org\/{rel}","templated":true}]}}